{"id":1204,"date":"2025-10-17T12:36:59","date_gmt":"2025-10-17T10:36:59","guid":{"rendered":"https:\/\/www.soul-trail.de\/impresum\/"},"modified":"2025-11-06T12:18:30","modified_gmt":"2025-11-06T11:18:30","slug":"impresum","status":"publish","type":"page","link":"https:\/\/www.soul-trail.de\/cs\/impresum\/","title":{"rendered":"Impresum"},"content":{"rendered":"<p>[et_pb_section fb_built=&#8220;1&#8243; _builder_version=&#8220;4.27.4&#8243; _module_preset=&#8220;default&#8220; global_colors_info=&#8220;{}&#8220;][et_pb_row _builder_version=&#8220;4.27.4&#8243; _module_preset=&#8220;default&#8220; global_colors_info=&#8220;{}&#8220;][et_pb_column type=&#8220;4_4&#8243; _builder_version=&#8220;4.27.4&#8243; _module_preset=&#8220;default&#8220; global_colors_info=&#8220;{}&#8220;][et_pb_text _builder_version=&#8220;4.27.4&#8243; _module_preset=&#8220;default&#8220; text_orientation=&#8220;left&#8220; global_colors_info=&#8220;{}&#8220;]<\/p>\n<h1>Impresum<\/h1>\n<p><strong>siimple GmbH<\/strong><br \/>Am Bahnhof 12<br \/>94078 Freyung<br \/>N\u011bmecko<\/p>\n<p><strong>Telefon:<\/strong> <a title=\"Zavolat\" href=\"tel:+49%208551%209179%20831\">+49 8551 9179 831<\/a><br \/><strong>E-mail:<\/strong> <a title=\"Napsat e-mail\" href=\"mailto:hello@siimple.de\">hello@siimple.de<\/a><\/p>\n<p><strong>Registra\u010dn\u00ed soud:<\/strong> Pasov<br \/><strong>Registra\u010dn\u00ed \u010d\u00edslo:<\/strong> HRB 8309<\/p>\n<p><strong>Identifika\u010dn\u00ed \u010d\u00edslo pro da\u0148 z obratu podle \u00a7 27 a z\u00e1kona o dani z obratu:<\/strong><br \/>DE280555632<\/p>\n<p><strong>Jednatel\u00e9 opr\u00e1vn\u011bn\u00ed k zastupov\u00e1n\u00ed:<\/strong> Christina Gotsmich, Daniel Gotsmich, Rainer Jungwirth<\/p>\n<p><strong>P\u0159\u00edslu\u0161n\u00fd dozorov\u00fd \u00fa\u0159ad pro nab\u00eddku audiovizu\u00e1ln\u00edch medi\u00e1ln\u00edch slu\u017eeb:<\/strong><br \/>Bavorsk\u00e1 zemsk\u00e1 centr\u00e1la pro nov\u00e1 m\u00e9dia (BLM), Heinrich-L\u00fcbke-Stra\u00dfe 27, 81737 Mnichov<\/p>\n<p>[\/et_pb_text][\/et_pb_column][\/et_pb_row][\/et_pb_section]<\/p>\n","protected":false},"excerpt":{"rendered":"<p>Impresum siimple GmbHAm Bahnhof 1294078 FreyungN\u011bmecko Telefon: +49 8551 9179 831E-mail: hello@siimple.de Registra\u010dn\u00ed soud: PasovRegistra\u010dn\u00ed \u010d\u00edslo: HRB 8309 Identifika\u010dn\u00ed \u010d\u00edslo pro da\u0148 z obratu podle \u00a7 27 a z\u00e1kona o dani z obratu:DE280555632 Jednatel\u00e9 opr\u00e1vn\u011bn\u00ed k zastupov\u00e1n\u00ed: Christina Gotsmich, Daniel Gotsmich, Rainer Jungwirth P\u0159\u00edslu\u0161n\u00fd dozorov\u00fd \u00fa\u0159ad pro nab\u00eddku audiovizu\u00e1ln\u00edch medi\u00e1ln\u00edch slu\u017eeb:Bavorsk\u00e1 zemsk\u00e1 centr\u00e1la pro nov\u00e1 m\u00e9dia (BLM), Heinrich-L\u00fcbke-Stra\u00dfe 27, 81737 Mnichov<\/p>\n","protected":false},"author":2,"featured_media":0,"parent":0,"menu_order":0,"comment_status":"closed","ping_status":"closed","template":"","meta":{"_acf_changed":false,"_et_pb_use_builder":"on","_et_pb_old_content":"","_et_gb_content_width":"","footnotes":""},"class_list":["post-1204","page","type-page","status-publish","hentry"],"acf":[],"yoast_head":"<!-- This site is optimized with the Yoast SEO plugin v27.6 - https:\/\/yoast.com\/product\/yoast-seo-wordpress\/ -->\n<title>Impresum - Soul Trailrunning 2027<\/title>\n<meta name=\"robots\" content=\"index, follow, max-snippet:-1, max-image-preview:large, max-video-preview:-1\" \/>\n<link rel=\"canonical\" href=\"https:\/\/www.soul-trail.de\/cs\/impresum\/\" \/>\n<meta property=\"og:locale\" content=\"cs_CZ\" \/>\n<meta property=\"og:type\" content=\"article\" \/>\n<meta property=\"og:title\" content=\"Impresum - Soul Trailrunning 2027\" \/>\n<meta property=\"og:description\" content=\"Impresum siimple GmbHAm Bahnhof 1294078 FreyungN\u011bmecko Telefon: +49 8551 9179 831E-mail: hello@siimple.de Registra\u010dn\u00ed soud: PasovRegistra\u010dn\u00ed \u010d\u00edslo: HRB 8309 Identifika\u010dn\u00ed \u010d\u00edslo pro da\u0148 z obratu podle \u00a7 27 a z\u00e1kona o dani z obratu:DE280555632 Jednatel\u00e9 opr\u00e1vn\u011bn\u00ed k zastupov\u00e1n\u00ed: Christina Gotsmich, Daniel Gotsmich, Rainer Jungwirth P\u0159\u00edslu\u0161n\u00fd dozorov\u00fd \u00fa\u0159ad pro nab\u00eddku audiovizu\u00e1ln\u00edch medi\u00e1ln\u00edch slu\u017eeb:Bavorsk\u00e1 zemsk\u00e1 centr\u00e1la pro nov\u00e1 m\u00e9dia (BLM), Heinrich-L\u00fcbke-Stra\u00dfe 27, 81737 Mnichov\" \/>\n<meta property=\"og:url\" content=\"https:\/\/www.soul-trail.de\/cs\/impresum\/\" \/>\n<meta property=\"og:site_name\" content=\"Soul Trailrunning 2027\" \/>\n<meta property=\"article:modified_time\" content=\"2025-11-06T11:18:30+00:00\" \/>\n<meta name=\"twitter:card\" content=\"summary_large_image\" \/>\n<meta name=\"twitter:label1\" content=\"Odhadovan\u00e1 doba \u010dten\u00ed\" \/>\n\t<meta name=\"twitter:data1\" content=\"1 minuta\" \/>\n<script type=\"application\/ld+json\" class=\"yoast-schema-graph\">{\"@context\":\"https:\\\/\\\/schema.org\",\"@graph\":[{\"@type\":\"WebPage\",\"@id\":\"https:\\\/\\\/www.soul-trail.de\\\/cs\\\/impresum\\\/\",\"url\":\"https:\\\/\\\/www.soul-trail.de\\\/cs\\\/impresum\\\/\",\"name\":\"Impresum - Soul Trailrunning 2027\",\"isPartOf\":{\"@id\":\"https:\\\/\\\/www.soul-trail.de\\\/cs\\\/#website\"},\"datePublished\":\"2025-10-17T10:36:59+00:00\",\"dateModified\":\"2025-11-06T11:18:30+00:00\",\"breadcrumb\":{\"@id\":\"https:\\\/\\\/www.soul-trail.de\\\/cs\\\/impresum\\\/#breadcrumb\"},\"inLanguage\":\"cs\",\"potentialAction\":[{\"@type\":\"ReadAction\",\"target\":[\"https:\\\/\\\/www.soul-trail.de\\\/cs\\\/impresum\\\/\"]}]},{\"@type\":\"BreadcrumbList\",\"@id\":\"https:\\\/\\\/www.soul-trail.de\\\/cs\\\/impresum\\\/#breadcrumb\",\"itemListElement\":[{\"@type\":\"ListItem\",\"position\":1,\"name\":\"Startseite\",\"item\":\"https:\\\/\\\/www.soul-trail.de\\\/cs\\\/zahajeni-trailrunningove-sezony\\\/\"},{\"@type\":\"ListItem\",\"position\":2,\"name\":\"Impresum\"}]},{\"@type\":\"WebSite\",\"@id\":\"https:\\\/\\\/www.soul-trail.de\\\/cs\\\/#website\",\"url\":\"https:\\\/\\\/www.soul-trail.de\\\/cs\\\/\",\"name\":\"Soul Trailrunning 2027\",\"description\":\"\",\"potentialAction\":[{\"@type\":\"SearchAction\",\"target\":{\"@type\":\"EntryPoint\",\"urlTemplate\":\"https:\\\/\\\/www.soul-trail.de\\\/cs\\\/?s={search_term_string}\"},\"query-input\":{\"@type\":\"PropertyValueSpecification\",\"valueRequired\":true,\"valueName\":\"search_term_string\"}}],\"inLanguage\":\"cs\"}]}<\/script>\n<!-- \/ Yoast SEO plugin. -->","yoast_head_json":{"title":"Impresum - Soul Trailrunning 2027","robots":{"index":"index","follow":"follow","max-snippet":"max-snippet:-1","max-image-preview":"max-image-preview:large","max-video-preview":"max-video-preview:-1"},"canonical":"https:\/\/www.soul-trail.de\/cs\/impresum\/","og_locale":"cs_CZ","og_type":"article","og_title":"Impresum - Soul Trailrunning 2027","og_description":"Impresum siimple GmbHAm Bahnhof 1294078 FreyungN\u011bmecko Telefon: +49 8551 9179 831E-mail: hello@siimple.de Registra\u010dn\u00ed soud: PasovRegistra\u010dn\u00ed \u010d\u00edslo: HRB 8309 Identifika\u010dn\u00ed \u010d\u00edslo pro da\u0148 z obratu podle \u00a7 27 a z\u00e1kona o dani z obratu:DE280555632 Jednatel\u00e9 opr\u00e1vn\u011bn\u00ed k zastupov\u00e1n\u00ed: Christina Gotsmich, Daniel Gotsmich, Rainer Jungwirth P\u0159\u00edslu\u0161n\u00fd dozorov\u00fd \u00fa\u0159ad pro nab\u00eddku audiovizu\u00e1ln\u00edch medi\u00e1ln\u00edch slu\u017eeb:Bavorsk\u00e1 zemsk\u00e1 centr\u00e1la pro nov\u00e1 m\u00e9dia (BLM), Heinrich-L\u00fcbke-Stra\u00dfe 27, 81737 Mnichov","og_url":"https:\/\/www.soul-trail.de\/cs\/impresum\/","og_site_name":"Soul Trailrunning 2027","article_modified_time":"2025-11-06T11:18:30+00:00","twitter_card":"summary_large_image","twitter_misc":{"Odhadovan\u00e1 doba \u010dten\u00ed":"1 minuta"},"schema":{"@context":"https:\/\/schema.org","@graph":[{"@type":"WebPage","@id":"https:\/\/www.soul-trail.de\/cs\/impresum\/","url":"https:\/\/www.soul-trail.de\/cs\/impresum\/","name":"Impresum - Soul Trailrunning 2027","isPartOf":{"@id":"https:\/\/www.soul-trail.de\/cs\/#website"},"datePublished":"2025-10-17T10:36:59+00:00","dateModified":"2025-11-06T11:18:30+00:00","breadcrumb":{"@id":"https:\/\/www.soul-trail.de\/cs\/impresum\/#breadcrumb"},"inLanguage":"cs","potentialAction":[{"@type":"ReadAction","target":["https:\/\/www.soul-trail.de\/cs\/impresum\/"]}]},{"@type":"BreadcrumbList","@id":"https:\/\/www.soul-trail.de\/cs\/impresum\/#breadcrumb","itemListElement":[{"@type":"ListItem","position":1,"name":"Startseite","item":"https:\/\/www.soul-trail.de\/cs\/zahajeni-trailrunningove-sezony\/"},{"@type":"ListItem","position":2,"name":"Impresum"}]},{"@type":"WebSite","@id":"https:\/\/www.soul-trail.de\/cs\/#website","url":"https:\/\/www.soul-trail.de\/cs\/","name":"Soul Trailrunning 2027","description":"","potentialAction":[{"@type":"SearchAction","target":{"@type":"EntryPoint","urlTemplate":"https:\/\/www.soul-trail.de\/cs\/?s={search_term_string}"},"query-input":{"@type":"PropertyValueSpecification","valueRequired":true,"valueName":"search_term_string"}}],"inLanguage":"cs"}]}},"_links":{"self":[{"href":"https:\/\/www.soul-trail.de\/cs\/wp-json\/wp\/v2\/pages\/1204","targetHints":{"allow":["GET"]}}],"collection":[{"href":"https:\/\/www.soul-trail.de\/cs\/wp-json\/wp\/v2\/pages"}],"about":[{"href":"https:\/\/www.soul-trail.de\/cs\/wp-json\/wp\/v2\/types\/page"}],"author":[{"embeddable":true,"href":"https:\/\/www.soul-trail.de\/cs\/wp-json\/wp\/v2\/users\/2"}],"replies":[{"embeddable":true,"href":"https:\/\/www.soul-trail.de\/cs\/wp-json\/wp\/v2\/comments?post=1204"}],"version-history":[{"count":10,"href":"https:\/\/www.soul-trail.de\/cs\/wp-json\/wp\/v2\/pages\/1204\/revisions"}],"predecessor-version":[{"id":1379,"href":"https:\/\/www.soul-trail.de\/cs\/wp-json\/wp\/v2\/pages\/1204\/revisions\/1379"}],"wp:attachment":[{"href":"https:\/\/www.soul-trail.de\/cs\/wp-json\/wp\/v2\/media?parent=1204"}],"curies":[{"name":"wp","href":"https:\/\/api.w.org\/{rel}","templated":true}]}}