{"id":1209,"date":"2025-10-30T17:50:38","date_gmt":"2025-10-30T16:50:38","guid":{"rendered":"https:\/\/www.soul-trail.de\/seznam-ucastniku\/"},"modified":"2026-05-07T11:22:27","modified_gmt":"2026-05-07T09:22:27","slug":"seznam-ucastniku","status":"publish","type":"page","link":"https:\/\/www.soul-trail.de\/cs\/seznam-ucastniku\/","title":{"rendered":"Seznam \u00fa\u010dastn\u00edk\u016f"},"content":{"rendered":"<p>[et_pb_section fb_built=&#8220;1&#8243; _builder_version=&#8220;4.27.4&#8243; _module_preset=&#8220;default&#8220; custom_padding=&#8220;70px|||||&#8220; global_colors_info=&#8220;{}&#8220;][et_pb_row _builder_version=&#8220;4.27.4&#8243; _module_preset=&#8220;default&#8220; global_colors_info=&#8220;{}&#8220;][et_pb_column type=&#8220;4_4&#8243; _builder_version=&#8220;4.27.4&#8243; _module_preset=&#8220;default&#8220; global_colors_info=&#8220;{}&#8220;][et_pb_text _builder_version=&#8220;4.27.4&#8243; _module_preset=&#8220;default&#8220; global_colors_info=&#8220;{}&#8220;]<\/p>\n<h1>Seznam \u00fa\u010dastn\u00edk\u016f 2027<\/h1>\n<p>[\/et_pb_text][et_pb_code _builder_version=&#8220;4.27.6&#8243; _module_preset=&#8220;default&#8220; hover_enabled=&#8220;0&#8243; global_colors_info=&#8220;{}&#8220; sticky_enabled=&#8220;0&#8243;]<\/p>\n<div id=\"divRRPublish\" class=\"RRPublish\"><\/div>\n<p><!-- [et_pb_line_break_holder] --><script type=\"text\/javascript\" src=\"https:\/\/my.raceresult.com\/RRPublish\/load.js.php?lang=de\"><\/script><!-- [et_pb_line_break_holder] --><script type=\"text\/javascript\"><!-- [et_pb_line_break_holder] --><!--<!-- [et_pb_line_break_holder] -->  let rrp=new RRPublish(document.getElementById(\"divRRPublish\"), 395435, \"participants\");<!-- [et_pb_line_break_holder] -->  rrp.ShowTimerLogo=true;<!-- [et_pb_line_break_holder] -->  rrp.ShowInfoText=false;<!-- [et_pb_line_break_holder] -->--><!-- [et_pb_line_break_holder] --><\/script>[\/et_pb_code][\/et_pb_column][\/et_pb_row][\/et_pb_section]<\/p>\n","protected":false},"excerpt":{"rendered":"<p>Seznam \u00fa\u010dastn\u00edk\u016f 2027<\/p>\n","protected":false},"author":2,"featured_media":0,"parent":0,"menu_order":0,"comment_status":"closed","ping_status":"closed","template":"","meta":{"_acf_changed":false,"_et_pb_use_builder":"on","_et_pb_old_content":"","_et_gb_content_width":"","footnotes":""},"class_list":["post-1209","page","type-page","status-publish","hentry"],"acf":[],"yoast_head":"<!-- This site is optimized with the Yoast SEO plugin v27.6 - https:\/\/yoast.com\/product\/yoast-seo-wordpress\/ -->\n<title>Seznam \u00fa\u010dastn\u00edk\u016f - Soul Trailrunning 2027<\/title>\n<meta name=\"robots\" content=\"index, follow, max-snippet:-1, max-image-preview:large, max-video-preview:-1\" \/>\n<link rel=\"canonical\" href=\"https:\/\/www.soul-trail.de\/cs\/seznam-ucastniku\/\" \/>\n<meta property=\"og:locale\" content=\"cs_CZ\" \/>\n<meta property=\"og:type\" content=\"article\" \/>\n<meta property=\"og:title\" content=\"Seznam \u00fa\u010dastn\u00edk\u016f - Soul Trailrunning 2027\" \/>\n<meta property=\"og:description\" content=\"Seznam \u00fa\u010dastn\u00edk\u016f 2027\" \/>\n<meta property=\"og:url\" content=\"https:\/\/www.soul-trail.de\/cs\/seznam-ucastniku\/\" \/>\n<meta property=\"og:site_name\" content=\"Soul Trailrunning 2027\" \/>\n<meta property=\"article:modified_time\" content=\"2026-05-07T09:22:27+00:00\" \/>\n<meta name=\"twitter:card\" content=\"summary_large_image\" \/>\n<script type=\"application\/ld+json\" class=\"yoast-schema-graph\">{\"@context\":\"https:\\\/\\\/schema.org\",\"@graph\":[{\"@type\":\"WebPage\",\"@id\":\"https:\\\/\\\/www.soul-trail.de\\\/cs\\\/seznam-ucastniku\\\/\",\"url\":\"https:\\\/\\\/www.soul-trail.de\\\/cs\\\/seznam-ucastniku\\\/\",\"name\":\"Seznam \u00fa\u010dastn\u00edk\u016f - Soul Trailrunning 2027\",\"isPartOf\":{\"@id\":\"https:\\\/\\\/www.soul-trail.de\\\/cs\\\/#website\"},\"datePublished\":\"2025-10-30T16:50:38+00:00\",\"dateModified\":\"2026-05-07T09:22:27+00:00\",\"breadcrumb\":{\"@id\":\"https:\\\/\\\/www.soul-trail.de\\\/cs\\\/seznam-ucastniku\\\/#breadcrumb\"},\"inLanguage\":\"cs\",\"potentialAction\":[{\"@type\":\"ReadAction\",\"target\":[\"https:\\\/\\\/www.soul-trail.de\\\/cs\\\/seznam-ucastniku\\\/\"]}]},{\"@type\":\"BreadcrumbList\",\"@id\":\"https:\\\/\\\/www.soul-trail.de\\\/cs\\\/seznam-ucastniku\\\/#breadcrumb\",\"itemListElement\":[{\"@type\":\"ListItem\",\"position\":1,\"name\":\"Startseite\",\"item\":\"https:\\\/\\\/www.soul-trail.de\\\/cs\\\/zahajeni-trailrunningove-sezony\\\/\"},{\"@type\":\"ListItem\",\"position\":2,\"name\":\"Seznam \u00fa\u010dastn\u00edk\u016f\"}]},{\"@type\":\"WebSite\",\"@id\":\"https:\\\/\\\/www.soul-trail.de\\\/cs\\\/#website\",\"url\":\"https:\\\/\\\/www.soul-trail.de\\\/cs\\\/\",\"name\":\"Soul Trailrunning 2027\",\"description\":\"\",\"potentialAction\":[{\"@type\":\"SearchAction\",\"target\":{\"@type\":\"EntryPoint\",\"urlTemplate\":\"https:\\\/\\\/www.soul-trail.de\\\/cs\\\/?s={search_term_string}\"},\"query-input\":{\"@type\":\"PropertyValueSpecification\",\"valueRequired\":true,\"valueName\":\"search_term_string\"}}],\"inLanguage\":\"cs\"}]}<\/script>\n<!-- \/ Yoast SEO plugin. -->","yoast_head_json":{"title":"Seznam \u00fa\u010dastn\u00edk\u016f - Soul Trailrunning 2027","robots":{"index":"index","follow":"follow","max-snippet":"max-snippet:-1","max-image-preview":"max-image-preview:large","max-video-preview":"max-video-preview:-1"},"canonical":"https:\/\/www.soul-trail.de\/cs\/seznam-ucastniku\/","og_locale":"cs_CZ","og_type":"article","og_title":"Seznam \u00fa\u010dastn\u00edk\u016f - Soul Trailrunning 2027","og_description":"Seznam \u00fa\u010dastn\u00edk\u016f 2027","og_url":"https:\/\/www.soul-trail.de\/cs\/seznam-ucastniku\/","og_site_name":"Soul Trailrunning 2027","article_modified_time":"2026-05-07T09:22:27+00:00","twitter_card":"summary_large_image","schema":{"@context":"https:\/\/schema.org","@graph":[{"@type":"WebPage","@id":"https:\/\/www.soul-trail.de\/cs\/seznam-ucastniku\/","url":"https:\/\/www.soul-trail.de\/cs\/seznam-ucastniku\/","name":"Seznam \u00fa\u010dastn\u00edk\u016f - Soul Trailrunning 2027","isPartOf":{"@id":"https:\/\/www.soul-trail.de\/cs\/#website"},"datePublished":"2025-10-30T16:50:38+00:00","dateModified":"2026-05-07T09:22:27+00:00","breadcrumb":{"@id":"https:\/\/www.soul-trail.de\/cs\/seznam-ucastniku\/#breadcrumb"},"inLanguage":"cs","potentialAction":[{"@type":"ReadAction","target":["https:\/\/www.soul-trail.de\/cs\/seznam-ucastniku\/"]}]},{"@type":"BreadcrumbList","@id":"https:\/\/www.soul-trail.de\/cs\/seznam-ucastniku\/#breadcrumb","itemListElement":[{"@type":"ListItem","position":1,"name":"Startseite","item":"https:\/\/www.soul-trail.de\/cs\/zahajeni-trailrunningove-sezony\/"},{"@type":"ListItem","position":2,"name":"Seznam \u00fa\u010dastn\u00edk\u016f"}]},{"@type":"WebSite","@id":"https:\/\/www.soul-trail.de\/cs\/#website","url":"https:\/\/www.soul-trail.de\/cs\/","name":"Soul Trailrunning 2027","description":"","potentialAction":[{"@type":"SearchAction","target":{"@type":"EntryPoint","urlTemplate":"https:\/\/www.soul-trail.de\/cs\/?s={search_term_string}"},"query-input":{"@type":"PropertyValueSpecification","valueRequired":true,"valueName":"search_term_string"}}],"inLanguage":"cs"}]}},"_links":{"self":[{"href":"https:\/\/www.soul-trail.de\/cs\/wp-json\/wp\/v2\/pages\/1209","targetHints":{"allow":["GET"]}}],"collection":[{"href":"https:\/\/www.soul-trail.de\/cs\/wp-json\/wp\/v2\/pages"}],"about":[{"href":"https:\/\/www.soul-trail.de\/cs\/wp-json\/wp\/v2\/types\/page"}],"author":[{"embeddable":true,"href":"https:\/\/www.soul-trail.de\/cs\/wp-json\/wp\/v2\/users\/2"}],"replies":[{"embeddable":true,"href":"https:\/\/www.soul-trail.de\/cs\/wp-json\/wp\/v2\/comments?post=1209"}],"version-history":[{"count":3,"href":"https:\/\/www.soul-trail.de\/cs\/wp-json\/wp\/v2\/pages\/1209\/revisions"}],"predecessor-version":[{"id":2296,"href":"https:\/\/www.soul-trail.de\/cs\/wp-json\/wp\/v2\/pages\/1209\/revisions\/2296"}],"wp:attachment":[{"href":"https:\/\/www.soul-trail.de\/cs\/wp-json\/wp\/v2\/media?parent=1209"}],"curies":[{"name":"wp","href":"https:\/\/api.w.org\/{rel}","templated":true}]}}