{"id":1477,"date":"2025-12-01T16:34:37","date_gmt":"2025-12-01T15:34:37","guid":{"rendered":"https:\/\/www.soul-trail.de\/?page_id=1477"},"modified":"2026-03-10T14:25:08","modified_gmt":"2026-03-10T13:25:08","slug":"zahajeni-trailrunningove-sezony-2","status":"publish","type":"page","link":"https:\/\/www.soul-trail.de\/cs\/zahajeni-trailrunningove-sezony-2\/","title":{"rendered":"Poukazy"},"content":{"rendered":"<p>[et_pb_section fb_built=&#8220;1&#8243; _builder_version=&#8220;4.27.4&#8243; _module_preset=&#8220;default&#8220; background_color=&#8220;RGBA(255,255,255,0)&#8220; custom_margin=&#8220;40px||0px||false|false&#8220; custom_padding=&#8220;0px||0px||false|false&#8220; global_colors_info=&#8220;{}&#8220;][et_pb_row _builder_version=&#8220;4.27.4&#8243; _module_preset=&#8220;default&#8220; custom_margin=&#8220;0px||||false|false&#8220; custom_padding=&#8220;0px||||false|false&#8220; global_colors_info=&#8220;{}&#8220;][et_pb_column type=&#8220;4_4&#8243; _builder_version=&#8220;4.27.0&#8243; _module_preset=&#8220;default&#8220; global_colors_info=&#8220;{}&#8220;][et_pb_text _builder_version=&#8220;4.27.4&#8243; _module_preset=&#8220;default&#8220; header_2_text_align=&#8220;center&#8220; header_2_text_color=&#8220;#C65F17&#8243; global_colors_info=&#8220;{}&#8220;]<\/p>\n<h2>Koupit poukaz na SOUL Trailrunning<\/h2>\n<p>Ten nejlep\u0161\u00ed d\u00e1rek pro trailov\u00e9 b\u011b\u017ece! Objednej si poukaz jednodu\u0161e online: m\u016f\u017ee\u0161 si vybrat mezi r\u016fzn\u00fdmi d\u00e9lkami tras nebo koupit d\u00e1rkov\u00fd poukaz na ur\u010ditou hodnotu. Za\u0161leme ti s l\u00e1skou navr\u017een\u00fd poukaz v d\u0159ev\u011bn\u00e9 krabi\u010dce. Obdarovan\u00fd pak m\u016f\u017ee k\u00f3d z poukazu uplatnit p\u0159i registraci na z\u00e1vod. Alternativn\u011b si m\u016f\u017ee\u0161 poukaz tak\u00e9 jednodu\u0161e sami vytisknout.    <\/p>\n<p>[\/et_pb_text][et_pb_text _builder_version=&#8220;4.27.4&#8243; _module_preset=&#8220;default&#8220; text_font_size=&#8220;20px&#8220; custom_margin=&#8220;||20px||false|false&#8220; text_font_size_tablet=&#8220;15px&#8220; text_font_size_phone=&#8220;10px&#8220; text_font_size_last_edited=&#8220;on|phone&#8220; global_colors_info=&#8220;{}&#8220;]<\/p>\n<p><i class=\"fas fa-truck\" style=\"color: #c65f12;\"><\/i>  Bezpe\u010dn\u00e9 doru\u010den\u00ed s DHL   <i class=\"fas fa-calendar-check\" style=\"color: #c65f12;\"><\/i> Spolehliv\u00e9 dod\u00e1n\u00ed do 3 pracovn\u00edch dn\u016f   <i class=\"fas fa-route\" style=\"color: #c65f12;\"><\/i> Sledov\u00e1n\u00ed z\u00e1silky v re\u00e1ln\u00e9m \u010dase<\/p>\n<p>[\/et_pb_text][et_pb_button button_url=&#8220;https:\/\/pzbxc3vce3l.typeform.com\/to\/gKh0DXWR&#8220; url_new_window=&#8220;on&#8220; button_text=&#8220;Koupit poukaz&#8220; button_alignment=&#8220;center&#8220; _builder_version=&#8220;4.27.4&#8243; _module_preset=&#8220;default&#8220; custom_button=&#8220;on&#8220; button_text_size=&#8220;25px&#8220; button_bg_color=&#8220;#C65F17&#8243; button_border_width=&#8220;0px&#8220; custom_margin=&#8220;40px||||false|false&#8220; custom_padding=&#8220;3px|17px||17px|false|false&#8220; hover_enabled=&#8220;0&#8243; button_text_size_tablet=&#8220;25px&#8220; button_text_size_phone=&#8220;17px&#8220; button_text_size_last_edited=&#8220;on|phone&#8220; global_colors_info=&#8220;{}&#8220; button_bg_color__hover=&#8220;#2D4A38&#8243; custom_margin__hover_enabled=&#8220;off|desktop&#8220; custom_margin_last_edited=&#8220;on|phone&#8220; sticky_enabled=&#8220;0&#8243; custom_margin_phone=&#8220;||40px||false|false&#8220; custom_margin_tablet=&#8220;40px||||false|false&#8220;][\/et_pb_button][\/et_pb_column][\/et_pb_row][\/et_pb_section][et_pb_section fb_built=&#8220;1&#8243; _builder_version=&#8220;4.27.4&#8243; _module_preset=&#8220;default&#8220; custom_margin=&#8220;0px||0px||false|false&#8220; custom_padding=&#8220;0px||0px||false|false&#8220; global_colors_info=&#8220;{}&#8220;][et_pb_row column_structure=&#8220;1_2,1_2&#8243; make_equal=&#8220;on&#8220; _builder_version=&#8220;4.27.0&#8243; _module_preset=&#8220;default&#8220; pac_drh_enable_stacking=&#8220;pac_drh_stack_row pac_drh_stack_tab_mob&#8220; pac_drh_column_numbers_tablet=&#8220;pac_drh_tab_col_one&#8220; pac_drh_column_numbers_phone=&#8220;pac_drh_phone_col_one&#8220; global_colors_info=&#8220;{}&#8220;][et_pb_column type=&#8220;1_2&#8243; _builder_version=&#8220;4.27.0&#8243; _module_preset=&#8220;default&#8220; pac_drh_add_staking_order_mob=&#8220;pac_drh_order_mob_two&#8220; global_colors_info=&#8220;{}&#8220;][et_pb_image src=&#8220;https:\/\/www.soul-trail.de\/wp-content\/uploads\/2025\/12\/soultrail-gutscheinbox_2026-freigestellt-.png&#8220; title_text=&#8220;soultrail-gutscheinbox_2026-freigestellt&#8220; align=&#8220;right&#8220; _builder_version=&#8220;4.27.4&#8243; _module_preset=&#8220;default&#8220; global_colors_info=&#8220;{}&#8220;][\/et_pb_image][\/et_pb_column][et_pb_column type=&#8220;1_2&#8243; _builder_version=&#8220;4.27.0&#8243; _module_preset=&#8220;default&#8220; pac_drh_add_staking_order_mob=&#8220;pac_drh_order_mob_one&#8220; global_colors_info=&#8220;{}&#8220;][et_pb_text _builder_version=&#8220;4.27.4&#8243; _module_preset=&#8220;default&#8220; text_orientation=&#8220;left&#8220; custom_padding=&#8220;20%||||false|false&#8220; custom_padding_tablet=&#8220;20%||||false|false&#8220; custom_padding_phone=&#8220;0%||||false|false&#8220; custom_padding_last_edited=&#8220;on|phone&#8220; global_colors_info=&#8220;{}&#8220;]<\/p>\n<h2>Poukaz v d\u0159ev\u011bn\u00e9 krabi\u010dce<\/h2>\n<p>Vybran\u00fd poukaz ti za\u0161leme dom\u016f s l\u00e1skou zabalen\u00fd v d\u0159ev\u011bn\u00e9 krabi\u010dce. Odes\u00edl\u00e1me prost\u0159ednictv\u00edm DHL do 2 dn\u016f od p\u0159ijet\u00ed platby. <\/p>\n<p>[\/et_pb_text][et_pb_button button_url=&#8220;https:\/\/pzbxc3vce3l.typeform.com\/to\/gKh0DXWR&#8220; url_new_window=&#8220;on&#8220; button_text=&#8220;Koupit nyn\u00ed&#8220; button_alignment=&#8220;left&#8220; _builder_version=&#8220;4.27.4&#8243; _module_preset=&#8220;default&#8220; custom_button=&#8220;on&#8220; button_text_size=&#8220;25px&#8220; button_bg_color=&#8220;#C65F17&#8243; button_border_width=&#8220;0px&#8220; custom_margin=&#8220;0px||||false|false&#8220; custom_padding=&#8220;3px|17px||17px|false|false&#8220; button_text_size_tablet=&#8220;25px&#8220; button_text_size_phone=&#8220;17px&#8220; button_text_size_last_edited=&#8220;on|phone&#8220; global_colors_info=&#8220;{}&#8220; button_bg_color__hover=&#8220;#2D4A38&#8243;][\/et_pb_button][\/et_pb_column][\/et_pb_row][\/et_pb_section][et_pb_section fb_built=&#8220;1&#8243; _builder_version=&#8220;4.27.4&#8243; _module_preset=&#8220;default&#8220; custom_margin=&#8220;0px||||false|false&#8220; custom_padding=&#8220;0px||||false|false&#8220; global_colors_info=&#8220;{}&#8220;][et_pb_row column_structure=&#8220;1_2,1_2&#8243; make_equal=&#8220;on&#8220; _builder_version=&#8220;4.27.4&#8243; _module_preset=&#8220;default&#8220; custom_margin=&#8220;0px||||false|false&#8220; custom_padding=&#8220;0px||||false|false&#8220; pac_drh_enable_stacking=&#8220;pac_drh_stack_row pac_drh_stack_tab_mob&#8220; pac_drh_column_numbers_tablet=&#8220;pac_drh_tab_col_one&#8220; pac_drh_column_numbers_phone=&#8220;pac_drh_phone_col_one&#8220; global_colors_info=&#8220;{}&#8220;][et_pb_column type=&#8220;1_2&#8243; _builder_version=&#8220;4.27.0&#8243; _module_preset=&#8220;default&#8220; pac_drh_add_staking_order_mob=&#8220;pac_drh_order_mob_two&#8220; global_colors_info=&#8220;{}&#8220;][et_pb_image src=&#8220;https:\/\/www.soul-trail.de\/wp-content\/uploads\/2025\/12\/soul-mockup-gutscheinzumausdrucken.jpg&#8220; title_text=&#8220;soul-mockup-gutscheinzumausdrucken&#8220; align=&#8220;right&#8220; _builder_version=&#8220;4.27.4&#8243; _module_preset=&#8220;default&#8220; global_colors_info=&#8220;{}&#8220;][\/et_pb_image][\/et_pb_column][et_pb_column type=&#8220;1_2&#8243; _builder_version=&#8220;4.27.0&#8243; _module_preset=&#8220;default&#8220; pac_drh_add_staking_order_mob=&#8220;pac_drh_order_mob_one&#8220; global_colors_info=&#8220;{}&#8220;][et_pb_text _builder_version=&#8220;4.27.4&#8243; _module_preset=&#8220;default&#8220; text_orientation=&#8220;left&#8220; custom_padding=&#8220;20%||||false|false&#8220; custom_padding_tablet=&#8220;20%||||false|false&#8220; custom_padding_phone=&#8220;0%||||false|false&#8220; custom_padding_last_edited=&#8220;on|phone&#8220; global_colors_info=&#8220;{}&#8220;]<\/p>\n<h2>Poukaz k vyti\u0161t\u011bn\u00ed<\/h2>\n<p>Poukaz ve form\u00e1tu PDF obdr\u017e\u00ed\u0161 e-mailem do 60 minut od p\u0159ijet\u00ed platby.<\/p>\n<p>[\/et_pb_text][et_pb_button button_url=&#8220;https:\/\/pzbxc3vce3l.typeform.com\/to\/gKh0DXWR&#8220; url_new_window=&#8220;on&#8220; button_text=&#8220;Koupit nyn\u00ed&#8220; button_alignment=&#8220;left&#8220; _builder_version=&#8220;4.27.4&#8243; _module_preset=&#8220;default&#8220; custom_button=&#8220;on&#8220; button_text_size=&#8220;25px&#8220; button_bg_color=&#8220;#C65F17&#8243; button_border_width=&#8220;0px&#8220; custom_margin=&#8220;0px||||false|false&#8220; custom_padding=&#8220;3px|17px||17px|false|false&#8220; button_text_size_tablet=&#8220;25px&#8220; button_text_size_phone=&#8220;17px&#8220; button_text_size_last_edited=&#8220;on|phone&#8220; global_colors_info=&#8220;{}&#8220; button_bg_color__hover=&#8220;#2D4A38&#8243;][\/et_pb_button][\/et_pb_column][\/et_pb_row][\/et_pb_section][et_pb_section fb_built=&#8220;1&#8243; _builder_version=&#8220;4.27.0&#8243; _module_preset=&#8220;default&#8220; custom_margin=&#8220;0px||0px||false|false&#8220; custom_padding=&#8220;0px||0px||false|false&#8220; global_colors_info=&#8220;{}&#8220;][et_pb_row disabled_on=&#8220;on|off|off&#8220; _builder_version=&#8220;4.27.4&#8243; _module_preset=&#8220;default&#8220; background_image=&#8220;https:\/\/www.soul-trail.de\/wp-content\/uploads\/2025\/10\/slider-soultrails.jpg&#8220; width=&#8220;100%&#8220; max_width=&#8220;none&#8220; min_height=&#8220;634px&#8220; min_height_tablet=&#8220;634px&#8220; min_height_phone=&#8220;300px&#8220; min_height_last_edited=&#8220;on|phone&#8220; height=&#8220;634px&#8220; height_tablet=&#8220;634px&#8220; height_phone=&#8220;300px&#8220; height_last_edited=&#8220;on|phone&#8220; max_height=&#8220;634px&#8220; max_height_tablet=&#8220;634px&#8220; max_height_phone=&#8220;300px&#8220; max_height_last_edited=&#8220;on|phone&#8220; global_colors_info=&#8220;{}&#8220;][et_pb_column type=&#8220;4_4&#8243; _builder_version=&#8220;4.27.0&#8243; _module_preset=&#8220;default&#8220; global_colors_info=&#8220;{}&#8220;][\/et_pb_column][\/et_pb_row][\/et_pb_section][et_pb_section fb_built=&#8220;1&#8243; _builder_version=&#8220;4.27.0&#8243; _module_preset=&#8220;default&#8220; custom_margin=&#8220;0px||0px||false|false&#8220; custom_padding=&#8220;0px||0px||false|false&#8220; global_colors_info=&#8220;{}&#8220;][et_pb_row disabled_on=&#8220;on|off|off&#8220; _builder_version=&#8220;4.27.4&#8243; _module_preset=&#8220;default&#8220; background_color=&#8220;#f2efe3&#8243; width=&#8220;100%&#8220; max_width=&#8220;none&#8220; custom_padding=&#8220;||||false|false&#8220; global_colors_info=&#8220;{}&#8220;][et_pb_column type=&#8220;4_4&#8243; _builder_version=&#8220;4.27.0&#8243; _module_preset=&#8220;default&#8220; global_colors_info=&#8220;{}&#8220;][et_pb_text _builder_version=&#8220;4.27.4&#8243; _module_preset=&#8220;default&#8220; header_2_text_align=&#8220;center&#8220; header_2_text_color=&#8220;#2D4A38&#8243; custom_margin=&#8220;0px||0px||false|false&#8220; custom_padding=&#8220;||||false|false&#8220; global_colors_info=&#8220;{}&#8220;]<\/p>\n<h2 class=\"marquee-wrapper\">\n<div class=\"moving-text\">\n  P\u0158IHL\u00c1SIT SE HNED P\u0158IHL\u00c1SIT SE HNED P\u0158IHL\u00c1SIT SE HNED P\u0158IHL\u00c1SIT SE HNED P\u0158IHL\u00c1SIT SE HNED P\u0158IHL\u00c1SIT SE HNED P\u0158IHL\u00c1SIT SE HNED P\u0158IHL\u00c1SIT SE HNED\n  <\/div>\n<\/h2>\n<p>[\/et_pb_text][\/et_pb_column][\/et_pb_row][\/et_pb_section][et_pb_section fb_built=&#8220;1&#8243; _builder_version=&#8220;4.27.4&#8243; _module_preset=&#8220;default&#8220; custom_margin=&#8220;0px||0px||false|false&#8220; custom_margin_tablet=&#8220;0px||0px||false|false&#8220; custom_margin_phone=&#8220;||50px||false|false&#8220; custom_margin_last_edited=&#8220;on|phone&#8220; custom_padding=&#8220;0px||0px||false|false&#8220; global_colors_info=&#8220;{}&#8220;][et_pb_row _builder_version=&#8220;4.27.0&#8243; _module_preset=&#8220;default&#8220; global_colors_info=&#8220;{}&#8220;][et_pb_column type=&#8220;4_4&#8243; _builder_version=&#8220;4.27.0&#8243; _module_preset=&#8220;default&#8220; global_colors_info=&#8220;{}&#8220;][et_pb_text _builder_version=&#8220;4.27.0&#8243; _module_preset=&#8220;default&#8220; custom_margin=&#8220;||20px||false|false&#8220; custom_padding=&#8220;||0px||false|false&#8220; global_colors_info=&#8220;{}&#8220;]<\/p>\n<h2>Dotazy?<\/h2>\n<h4>Napi\u0161te n\u00e1m na Whatsapp.<\/h4>\n<p>[\/et_pb_text][et_pb_button button_url=&#8220;https:\/\/api.whatsapp.com\/send?phone=4985519179831&#8243; url_new_window=&#8220;on&#8220; button_text=&#8220;Sem napi\u0161te zpr\u00e1vu&#8220; button_alignment=&#8220;center&#8220; _builder_version=&#8220;4.27.4&#8243; _module_preset=&#8220;default&#8220; custom_button=&#8220;on&#8220; button_text_size=&#8220;25px&#8220; button_bg_color=&#8220;#2d4a38&#8243; button_border_width=&#8220;0px&#8220; custom_margin=&#8220;0px||||false|false&#8220; custom_padding=&#8220;3px|17px||17px|false|false&#8220; button_text_size_tablet=&#8220;25px&#8220; button_text_size_phone=&#8220;17px&#8220; button_text_size_last_edited=&#8220;on|phone&#8220; global_colors_info=&#8220;{}&#8220; button_bg_color__hover=&#8220;#c65f17&#8243;][\/et_pb_button][\/et_pb_column][\/et_pb_row][\/et_pb_section][et_pb_section fb_built=&#8220;1&#8243; disabled_on=&#8220;on|on|off&#8220; _builder_version=&#8220;4.27.4&#8243; _module_preset=&#8220;default&#8220; custom_margin=&#8220;0px||0px||false|false&#8220; custom_padding=&#8220;0px||0px||false|false&#8220; global_colors_info=&#8220;{}&#8220;][et_pb_row _builder_version=&#8220;4.27.0&#8243; _module_preset=&#8220;default&#8220; background_image=&#8220;https:\/\/www.soul-trail.de\/wp-content\/uploads\/2025\/10\/berge.svg&#8220; background_size=&#8220;custom&#8220; background_image_width=&#8220;32%&#8220; background_position=&#8220;bottom_left&#8220; background_horizontal_offset=&#8220;-11%&#8220; background_vertical_offset=&#8220;63%&#8220; width=&#8220;100%&#8220; max_width=&#8220;none&#8220; height=&#8220;479px&#8220; custom_margin=&#8220;0px||0px||false|false&#8220; custom_padding=&#8220;0px||0px||false|false&#8220; global_colors_info=&#8220;{}&#8220;][et_pb_column type=&#8220;4_4&#8243; _builder_version=&#8220;4.27.0&#8243; _module_preset=&#8220;default&#8220; global_colors_info=&#8220;{}&#8220;][\/et_pb_column][\/et_pb_row][\/et_pb_section]<\/p>\n","protected":false},"excerpt":{"rendered":"<p>Koupit poukaz na SOUL Trailrunning Ten nejlep\u0161\u00ed d\u00e1rek pro trailov\u00e9 b\u011b\u017ece! Objednej si poukaz jednodu\u0161e online: m\u016f\u017ee\u0161 si vybrat mezi r\u016fzn\u00fdmi d\u00e9lkami tras nebo koupit d\u00e1rkov\u00fd poukaz na ur\u010ditou hodnotu. Za\u0161leme ti s l\u00e1skou navr\u017een\u00fd poukaz v d\u0159ev\u011bn\u00e9 krabi\u010dce. Obdarovan\u00fd pak m\u016f\u017ee k\u00f3d z poukazu uplatnit p\u0159i registraci na z\u00e1vod. Alternativn\u011b si m\u016f\u017ee\u0161 poukaz tak\u00e9 jednodu\u0161e sami vytisknout. Bezpe\u010dn\u00e9 doru\u010den\u00ed s DHL Spolehliv\u00e9 dod\u00e1n\u00ed do 3 pracovn\u00edch dn\u016f Sledov\u00e1n\u00ed z\u00e1silky v re\u00e1ln\u00e9m \u010dasePoukaz v d\u0159ev\u011bn\u00e9 krabi\u010dce Vybran\u00fd poukaz ti za\u0161leme dom\u016f s l\u00e1skou zabalen\u00fd v d\u0159ev\u011bn\u00e9 krabi\u010dce. Odes\u00edl\u00e1me prost\u0159ednictv\u00edm DHL do 2 dn\u016f od p\u0159ijet\u00ed platby. Poukaz k vyti\u0161t\u011bn\u00ed Poukaz ve form\u00e1tu PDF obdr\u017e\u00ed\u0161 e-mailem do 60 minut od p\u0159ijet\u00ed platby. P\u0158IHL\u00c1SIT SE HNED P\u0158IHL\u00c1SIT SE HNED P\u0158IHL\u00c1SIT SE HNED P\u0158IHL\u00c1SIT SE HNED P\u0158IHL\u00c1SIT SE HNED P\u0158IHL\u00c1SIT SE HNED P\u0158IHL\u00c1SIT SE HNED P\u0158IHL\u00c1SIT SE HNED Dotazy? Napi\u0161te n\u00e1m na Whatsapp.<\/p>\n","protected":false},"author":1,"featured_media":0,"parent":0,"menu_order":0,"comment_status":"closed","ping_status":"open","template":"","meta":{"_acf_changed":false,"_et_pb_use_builder":"on","_et_pb_old_content":"","_et_gb_content_width":"","footnotes":""},"class_list":["post-1477","page","type-page","status-publish","hentry"],"acf":[],"yoast_head":"<!-- This site is optimized with the Yoast SEO plugin v27.4 - https:\/\/yoast.com\/product\/yoast-seo-wordpress\/ -->\n<title>Koupit poukaz<\/title>\n<meta name=\"description\" content=\"P\u0159\u00edprava na trailrunningovou sez\u00f3nu \u2714\ufe0fPerfektn\u00ed d\u00e1rek: poukaz na akci | v d\u0159ev\u011bn\u00e9 krabi\u010dce nebo k vyti\u0161t\u011bn\u00ed\" \/>\n<meta name=\"robots\" content=\"index, follow, max-snippet:-1, max-image-preview:large, max-video-preview:-1\" \/>\n<link rel=\"canonical\" href=\"https:\/\/www.soul-trail.de\/cs\/zahajeni-trailrunningove-sezony-2\/\" \/>\n<meta property=\"og:locale\" content=\"cs_CZ\" \/>\n<meta property=\"og:type\" content=\"article\" \/>\n<meta property=\"og:title\" content=\"Koupit poukaz\" \/>\n<meta property=\"og:description\" content=\"P\u0159\u00edprava na trailrunningovou sez\u00f3nu \u2714\ufe0fPerfektn\u00ed d\u00e1rek: poukaz na akci | v d\u0159ev\u011bn\u00e9 krabi\u010dce nebo k vyti\u0161t\u011bn\u00ed\" \/>\n<meta property=\"og:url\" content=\"https:\/\/www.soul-trail.de\/cs\/zahajeni-trailrunningove-sezony-2\/\" \/>\n<meta property=\"og:site_name\" content=\"Soul Trailrunning 2026\" \/>\n<meta property=\"article:modified_time\" content=\"2026-03-10T13:25:08+00:00\" \/>\n<meta name=\"twitter:card\" content=\"summary_large_image\" \/>\n<meta name=\"twitter:label1\" content=\"Odhadovan\u00e1 doba \u010dten\u00ed\" \/>\n\t<meta name=\"twitter:data1\" content=\"8 minut\" \/>\n<script type=\"application\/ld+json\" class=\"yoast-schema-graph\">{\"@context\":\"https:\\\/\\\/schema.org\",\"@graph\":[{\"@type\":\"WebPage\",\"@id\":\"https:\\\/\\\/www.soul-trail.de\\\/cs\\\/zahajeni-trailrunningove-sezony-2\\\/\",\"url\":\"https:\\\/\\\/www.soul-trail.de\\\/cs\\\/zahajeni-trailrunningove-sezony-2\\\/\",\"name\":\"Koupit poukaz\",\"isPartOf\":{\"@id\":\"https:\\\/\\\/www.soul-trail.de\\\/cs\\\/#website\"},\"datePublished\":\"2025-12-01T15:34:37+00:00\",\"dateModified\":\"2026-03-10T13:25:08+00:00\",\"description\":\"P\u0159\u00edprava na trailrunningovou sez\u00f3nu \u2714\ufe0fPerfektn\u00ed d\u00e1rek: poukaz na akci | v d\u0159ev\u011bn\u00e9 krabi\u010dce nebo k vyti\u0161t\u011bn\u00ed\",\"breadcrumb\":{\"@id\":\"https:\\\/\\\/www.soul-trail.de\\\/cs\\\/zahajeni-trailrunningove-sezony-2\\\/#breadcrumb\"},\"inLanguage\":\"cs\",\"potentialAction\":[{\"@type\":\"ReadAction\",\"target\":[\"https:\\\/\\\/www.soul-trail.de\\\/cs\\\/zahajeni-trailrunningove-sezony-2\\\/\"]}]},{\"@type\":\"BreadcrumbList\",\"@id\":\"https:\\\/\\\/www.soul-trail.de\\\/cs\\\/zahajeni-trailrunningove-sezony-2\\\/#breadcrumb\",\"itemListElement\":[{\"@type\":\"ListItem\",\"position\":1,\"name\":\"Startseite\",\"item\":\"https:\\\/\\\/www.soul-trail.de\\\/cs\\\/\"},{\"@type\":\"ListItem\",\"position\":2,\"name\":\"Poukazy\"}]},{\"@type\":\"WebSite\",\"@id\":\"https:\\\/\\\/www.soul-trail.de\\\/cs\\\/#website\",\"url\":\"https:\\\/\\\/www.soul-trail.de\\\/cs\\\/\",\"name\":\"Soul Trailrunning 2026\",\"description\":\"\",\"potentialAction\":[{\"@type\":\"SearchAction\",\"target\":{\"@type\":\"EntryPoint\",\"urlTemplate\":\"https:\\\/\\\/www.soul-trail.de\\\/cs\\\/?s={search_term_string}\"},\"query-input\":{\"@type\":\"PropertyValueSpecification\",\"valueRequired\":true,\"valueName\":\"search_term_string\"}}],\"inLanguage\":\"cs\"}]}<\/script>\n<!-- \/ Yoast SEO plugin. -->","yoast_head_json":{"title":"Koupit poukaz","description":"P\u0159\u00edprava na trailrunningovou sez\u00f3nu \u2714\ufe0fPerfektn\u00ed d\u00e1rek: poukaz na akci | v d\u0159ev\u011bn\u00e9 krabi\u010dce nebo k vyti\u0161t\u011bn\u00ed","robots":{"index":"index","follow":"follow","max-snippet":"max-snippet:-1","max-image-preview":"max-image-preview:large","max-video-preview":"max-video-preview:-1"},"canonical":"https:\/\/www.soul-trail.de\/cs\/zahajeni-trailrunningove-sezony-2\/","og_locale":"cs_CZ","og_type":"article","og_title":"Koupit poukaz","og_description":"P\u0159\u00edprava na trailrunningovou sez\u00f3nu \u2714\ufe0fPerfektn\u00ed d\u00e1rek: poukaz na akci | v d\u0159ev\u011bn\u00e9 krabi\u010dce nebo k vyti\u0161t\u011bn\u00ed","og_url":"https:\/\/www.soul-trail.de\/cs\/zahajeni-trailrunningove-sezony-2\/","og_site_name":"Soul Trailrunning 2026","article_modified_time":"2026-03-10T13:25:08+00:00","twitter_card":"summary_large_image","twitter_misc":{"Odhadovan\u00e1 doba \u010dten\u00ed":"8 minut"},"schema":{"@context":"https:\/\/schema.org","@graph":[{"@type":"WebPage","@id":"https:\/\/www.soul-trail.de\/cs\/zahajeni-trailrunningove-sezony-2\/","url":"https:\/\/www.soul-trail.de\/cs\/zahajeni-trailrunningove-sezony-2\/","name":"Koupit poukaz","isPartOf":{"@id":"https:\/\/www.soul-trail.de\/cs\/#website"},"datePublished":"2025-12-01T15:34:37+00:00","dateModified":"2026-03-10T13:25:08+00:00","description":"P\u0159\u00edprava na trailrunningovou sez\u00f3nu \u2714\ufe0fPerfektn\u00ed d\u00e1rek: poukaz na akci | v d\u0159ev\u011bn\u00e9 krabi\u010dce nebo k vyti\u0161t\u011bn\u00ed","breadcrumb":{"@id":"https:\/\/www.soul-trail.de\/cs\/zahajeni-trailrunningove-sezony-2\/#breadcrumb"},"inLanguage":"cs","potentialAction":[{"@type":"ReadAction","target":["https:\/\/www.soul-trail.de\/cs\/zahajeni-trailrunningove-sezony-2\/"]}]},{"@type":"BreadcrumbList","@id":"https:\/\/www.soul-trail.de\/cs\/zahajeni-trailrunningove-sezony-2\/#breadcrumb","itemListElement":[{"@type":"ListItem","position":1,"name":"Startseite","item":"https:\/\/www.soul-trail.de\/cs\/"},{"@type":"ListItem","position":2,"name":"Poukazy"}]},{"@type":"WebSite","@id":"https:\/\/www.soul-trail.de\/cs\/#website","url":"https:\/\/www.soul-trail.de\/cs\/","name":"Soul Trailrunning 2026","description":"","potentialAction":[{"@type":"SearchAction","target":{"@type":"EntryPoint","urlTemplate":"https:\/\/www.soul-trail.de\/cs\/?s={search_term_string}"},"query-input":{"@type":"PropertyValueSpecification","valueRequired":true,"valueName":"search_term_string"}}],"inLanguage":"cs"}]}},"_links":{"self":[{"href":"https:\/\/www.soul-trail.de\/cs\/wp-json\/wp\/v2\/pages\/1477","targetHints":{"allow":["GET"]}}],"collection":[{"href":"https:\/\/www.soul-trail.de\/cs\/wp-json\/wp\/v2\/pages"}],"about":[{"href":"https:\/\/www.soul-trail.de\/cs\/wp-json\/wp\/v2\/types\/page"}],"author":[{"embeddable":true,"href":"https:\/\/www.soul-trail.de\/cs\/wp-json\/wp\/v2\/users\/1"}],"replies":[{"embeddable":true,"href":"https:\/\/www.soul-trail.de\/cs\/wp-json\/wp\/v2\/comments?post=1477"}],"version-history":[{"count":4,"href":"https:\/\/www.soul-trail.de\/cs\/wp-json\/wp\/v2\/pages\/1477\/revisions"}],"predecessor-version":[{"id":1792,"href":"https:\/\/www.soul-trail.de\/cs\/wp-json\/wp\/v2\/pages\/1477\/revisions\/1792"}],"wp:attachment":[{"href":"https:\/\/www.soul-trail.de\/cs\/wp-json\/wp\/v2\/media?parent=1477"}],"curies":[{"name":"wp","href":"https:\/\/api.w.org\/{rel}","templated":true}]}}