{"id":2018,"date":"2026-03-30T11:29:22","date_gmt":"2026-03-30T09:29:22","guid":{"rendered":"https:\/\/www.soul-trail.de\/?page_id=2018"},"modified":"2026-03-30T11:29:22","modified_gmt":"2026-03-30T09:29:22","slug":"program-2","status":"publish","type":"page","link":"https:\/\/www.soul-trail.de\/cs\/program-2\/","title":{"rendered":"Program"},"content":{"rendered":"<p>[et_pb_section fb_built=&#8220;1&#8243; custom_padding_last_edited=&#8220;off|desktop&#8220; _builder_version=&#8220;4.27.0&#8243; _module_preset=&#8220;default&#8220; background_image=&#8220;https:\/\/www.soul-trail.de\/wp-content\/uploads\/2025\/10\/berge.svg&#8220; background_size=&#8220;custom&#8220; background_image_width=&#8220;30%&#8220; background_position=&#8220;bottom_right&#8220; background_horizontal_offset=&#8220;-11%&#8220; background_vertical_offset=&#8220;-42%&#8220; custom_margin=&#8220;0px||0px||false|false&#8220; custom_padding=&#8220;0px|0px|0px||false|false&#8220; custom_padding_tablet=&#8220;|0px|0px||false|false&#8220; custom_padding_phone=&#8220;0px||||false|false&#8220; global_colors_info=&#8220;{}&#8220;][et_pb_row column_structure=&#8220;1_2,1_2&#8243; use_custom_gutter=&#8220;on&#8220; make_equal=&#8220;on&#8220; custom_padding_last_edited=&#8220;off|desktop&#8220; _builder_version=&#8220;4.27.4&#8243; _module_preset=&#8220;default&#8220; width=&#8220;90%&#8220; width_tablet=&#8220;100%&#8220; width_phone=&#8220;100%&#8220; width_last_edited=&#8220;on|desktop&#8220; max_width=&#8220;100%&#8220; max_width_phone=&#8220;none&#8220; max_width_last_edited=&#8220;off|desktop&#8220; custom_margin=&#8220;0px||0px||false|false&#8220; custom_margin_tablet=&#8220;||0px|auto|false|false&#8220; custom_margin_phone=&#8220;0px||||false|false&#8220; custom_margin_last_edited=&#8220;off|desktop&#8220; custom_padding=&#8220;0px||0px||false|false&#8220; custom_padding_tablet=&#8220;||0px||false|false&#8220; custom_padding_phone=&#8220;0px||0px||false|false&#8220; background_last_edited=&#8220;on|phone&#8220; pac_drh_enable_stacking=&#8220;pac_drh_stack_row pac_drh_stack_tab_mob&#8220; pac_drh_column_numbers_tablet=&#8220;pac_drh_tab_col_two&#8220; pac_drh_column_numbers_phone=&#8220;pac_drh_phone_col_one&#8220; global_colors_info=&#8220;{}&#8220;][et_pb_column type=&#8220;1_2&#8243; _builder_version=&#8220;4.27.0&#8243; _module_preset=&#8220;default&#8220; custom_padding=&#8220;||0px|0px|false|false&#8220; pac_drh_add_staking_order_mob=&#8220;pac_drh_order_mob_one&#8220; global_colors_info=&#8220;{}&#8220;][et_pb_code _builder_version=&#8220;4.27.0&#8243; _module_preset=&#8220;default&#8220; custom_margin=&#8220;|0px|0px|0px|false|false&#8220; custom_padding=&#8220;|0px|0px|0px|false|false&#8220; global_colors_info=&#8220;{}&#8220;]<video width=\"100%\" height=\"auto\" no-controls=\"\" autoplay=\"\" muted=\"\" loop=\"\" playsinline=\"\"><!-- [et_pb_line_break_holder] --><source src=\"https:\/\/www.soul-trail.de\/wp-content\/uploads\/2025\/10\/soultrails-header-11.mp4\" type=\"video\/mp4\"><!-- [et_pb_line_break_holder] --><\/source><\/video>[\/et_pb_code][\/et_pb_column][et_pb_column type=&#8220;1_2&#8243; _builder_version=&#8220;4.27.4&#8243; _module_preset=&#8220;default&#8220; transform_scale_tablet=&#8220;&#8220; transform_scale_phone=&#8220;&#8220; transform_scale_last_edited=&#8220;on|desktop&#8220; transform_translate=&#8220;-160px|0px&#8220; transform_translate_tablet=&#8220;0px|0px&#8220; transform_translate_phone=&#8220;0px|0px&#8220; transform_translate_last_edited=&#8220;on|phone&#8220; transform_translate_linked=&#8220;off&#8220; transform_rotate_tablet=&#8220;&#8220; transform_rotate_phone=&#8220;&#8220; transform_rotate_last_edited=&#8220;on|desktop&#8220; transform_skew_tablet=&#8220;&#8220; transform_skew_phone=&#8220;&#8220; transform_skew_last_edited=&#8220;on|desktop&#8220; transform_origin_tablet=&#8220;&#8220; transform_origin_phone=&#8220;&#8220; transform_origin_last_edited=&#8220;on|desktop&#8220; transform_styles_last_edited=&#8220;on|phone&#8220; positioning=&#8220;none&#8220; position_origin_a=&#8220;top_right&#8220; vertical_offset=&#8220;0px&#8220; horizontal_offset=&#8220;156px&#8220; position_origin_a_tablet=&#8220;top_right&#8220; position_origin_a_phone=&#8220;top_right&#8220; position_origin_a_last_edited=&#8220;off|desktop&#8220; position_origin_f_last_edited=&#8220;off|desktop&#8220; position_origin_r_last_edited=&#8220;off|desktop&#8220; transform_styles_tablet=&#8220;&#8220; transform_styles_phone=&#8220;&#8220; positioning_tablet=&#8220;none&#8220; positioning_phone=&#8220;none&#8220; positioning_last_edited=&#8220;off|desktop&#8220; custom_css_main_element=&#8220;align-self:center;&#8220; pac_drh_add_staking_order_mob=&#8220;pac_drh_order_mob_two&#8220; global_colors_info=&#8220;{}&#8220; custom_css_main_element_last_edited=&#8220;on|desktop&#8220; custom_css_main_element_tablet=&#8220;align-self:center;&#8220; custom_css_main_element_phone=&#8220;align-self:center;&#8220;][et_pb_text _builder_version=&#8220;4.27.4&#8243; _module_preset=&#8220;default&#8220; header_text_align=&#8220;left&#8220; header_font_size=&#8220;3.2vw&#8220; header_line_height=&#8220;1.4em&#8220; position_origin_a=&#8220;top_right&#8220; vertical_offset=&#8220;166px&#8220; horizontal_offset=&#8220;176px&#8220; width=&#8220;100%&#8220; custom_margin=&#8220;0px||0px||false|false&#8220; custom_margin_tablet=&#8220;0px||0px||false|false&#8220; custom_margin_phone=&#8220;-120px||0px||false|false&#8220; custom_margin_last_edited=&#8220;on|phone&#8220; custom_padding=&#8220;0px||0px||false|false&#8220; header_text_align_tablet=&#8220;left&#8220; header_text_align_phone=&#8220;center&#8220; header_text_align_last_edited=&#8220;on|phone&#8220; header_font_size_tablet=&#8220;3.5vw&#8220; header_font_size_phone=&#8220;32px&#8220; header_font_size_last_edited=&#8220;on|phone&#8220; global_colors_info=&#8220;{}&#8220;]<\/p>\n<h1><span class=\"balken\">Trailrunning<\/span><br \/><span class=\"balken\">Season Opening<\/span><br \/><span class=\"balken\">18. dubna 2026<\/span><br \/><span class=\"balken\"> Deggendorf<br \/>\nBavorsk\u00fd les<\/span><\/h1>\n<p>[\/et_pb_text][et_pb_button button_url=&#8220;https:\/\/www.soul-trail.de\/cs\/registrace\/&#8220; button_text=&#8220;P\u0159ihl\u00e1sit se na trailrun&#8220; button_alignment=&#8220;left&#8220; button_alignment_tablet=&#8220;left&#8220; button_alignment_phone=&#8220;center&#8220; button_alignment_last_edited=&#8220;on|desktop&#8220; _builder_version=&#8220;4.27.4&#8243; _module_preset=&#8220;default&#8220; custom_button=&#8220;on&#8220; button_text_size=&#8220;25px&#8220; button_border_width=&#8220;0px&#8220; custom_margin=&#8220;0px||||false|false&#8220; custom_padding=&#8220;3px|17px||17px|false|false&#8220; button_text_size_tablet=&#8220;25px&#8220; button_text_size_phone=&#8220;17px&#8220; button_text_size_last_edited=&#8220;on|phone&#8220; global_colors_info=&#8220;{}&#8220; button_bg_color__hover_enabled=&#8220;on|hover&#8220; button_bg_color__hover=&#8220;&#8220;][\/et_pb_button][\/et_pb_column][\/et_pb_row][\/et_pb_section][et_pb_section fb_built=&#8220;1&#8243; _builder_version=&#8220;4.27.4&#8243; _module_preset=&#8220;default&#8220; background_color=&#8220;RGBA(255,255,255,0)&#8220; custom_margin=&#8220;40px||40px||false|false&#8220; custom_padding=&#8220;0px||0px||false|false&#8220; global_colors_info=&#8220;{}&#8220;][et_pb_row _builder_version=&#8220;4.27.4&#8243; _module_preset=&#8220;default&#8220; custom_margin=&#8220;||0px||false|false&#8220; custom_padding=&#8220;||0px||false|false&#8220; global_colors_info=&#8220;{}&#8220;][et_pb_column type=&#8220;4_4&#8243; _builder_version=&#8220;4.27.0&#8243; _module_preset=&#8220;default&#8220; global_colors_info=&#8220;{}&#8220;][et_pb_text _builder_version=&#8220;4.27.4&#8243; _module_preset=&#8220;default&#8220; header_2_text_align=&#8220;center&#8220; header_2_text_color=&#8220;#C65F17&#8243; custom_margin=&#8220;||||false|false&#8220; global_colors_info=&#8220;{}&#8220;]<\/p>\n<h2>Program<\/h2>\n<p>[\/et_pb_text][\/et_pb_column][\/et_pb_row][et_pb_row _builder_version=&#8220;4.27.4&#8243; _module_preset=&#8220;default&#8220; custom_margin=&#8220;0px||||false|false&#8220; custom_padding=&#8220;0px||||false|false&#8220; global_colors_info=&#8220;{}&#8220;][et_pb_column type=&#8220;4_4&#8243; _builder_version=&#8220;4.27.4&#8243; _module_preset=&#8220;default&#8220; global_colors_info=&#8220;{}&#8220;][et_pb_text _builder_version=&#8220;4.27.4&#8243; _module_preset=&#8220;default&#8220; header_4_text_align=&#8220;left&#8220; header_4_line_height=&#8220;2em&#8220; custom_margin=&#8220;0px||||false|false&#8220; custom_padding=&#8220;0px||||false|false&#8220; global_colors_info=&#8220;{}&#8220;]<\/p>\n<h4 class=\"balken\"><strong>P\u00e1tek 17. dubna<\/strong><\/h4>\n<p><strong>18\u201320 hodin<\/strong> Vyd\u00e1v\u00e1n\u00ed startovn\u00edch \u010d\u00edsel<\/p>\n<p>[\/et_pb_text][et_pb_text _builder_version=&#8220;4.27.4&#8243; _module_preset=&#8220;default&#8220; text_line_height=&#8220;1.6em&#8220; header_4_text_align=&#8220;left&#8220; header_4_line_height=&#8220;2em&#8220; custom_margin=&#8220;0px||||false|false&#8220; custom_padding=&#8220;0px||||false|false&#8220; global_colors_info=&#8220;{}&#8220;]<\/p>\n<h4 class=\"balken\"><strong>Sobota 18. dubna<\/strong><\/h4>\n<p><strong>od 5:00<\/strong> v\u00fddej startovn\u00edch \u010d\u00edsel<br \/><strong>6:00<\/strong> Start Endurance<br \/><strong>8:30<\/strong> Start Soul<br \/><strong>10:30<\/strong> Start Marathon<br \/><strong>11:30<\/strong> Start Speed<br \/><strong>12:30<\/strong> Start Short<br \/><strong>17:00<\/strong> vyhl\u00e1\u0161en\u00ed v\u00edt\u011bz\u016f<\/p>\n<p><strong>19:00<\/strong> uzav\u0159en\u00ed c\u00edle<\/p>\n<p>Setk\u00e1n\u00ed po trailu<\/p>\n<p>[\/et_pb_text][\/et_pb_column][\/et_pb_row][\/et_pb_section][et_pb_section fb_built=&#8220;1&#8243; disabled_on=&#8220;off|off|off&#8220; _builder_version=&#8220;4.27.0&#8243; _module_preset=&#8220;default&#8220; custom_margin=&#8220;0px||0px||false|false&#8220; custom_padding=&#8220;0px||0px||false|false&#8220; global_colors_info=&#8220;{}&#8220;][et_pb_row custom_padding_last_edited=&#8220;on|phone&#8220; _builder_version=&#8220;4.27.0&#8243; _module_preset=&#8220;default&#8220; background_color=&#8220;#f2efe3&#8243; width=&#8220;100%&#8220; max_width=&#8220;none&#8220; custom_padding=&#8220;||||false|false&#8220; custom_padding_tablet=&#8220;||||false|false&#8220; custom_padding_phone=&#8220;20px||||false|false&#8220; global_colors_info=&#8220;{}&#8220;][et_pb_column type=&#8220;4_4&#8243; _builder_version=&#8220;4.27.0&#8243; _module_preset=&#8220;default&#8220; global_colors_info=&#8220;{}&#8220;][et_pb_text _builder_version=&#8220;4.27.4&#8243; _module_preset=&#8220;default&#8220; header_2_text_align=&#8220;center&#8220; header_2_text_color=&#8220;#C65F17&#8243; custom_margin=&#8220;0px||0px||false|false&#8220; custom_padding=&#8220;||||false|false&#8220; header_2_font_size_tablet=&#8220;&#8220; header_2_font_size_phone=&#8220;&#8220; header_2_font_size_last_edited=&#8220;on|phone&#8220; global_colors_info=&#8220;{}&#8220;]<\/p>\n<h2 class=\"marquee-wrapper\">\n<div class=\"moving-text\">\n  P\u0158IHL\u00c1SIT SE HNED P\u0158IHL\u00c1SIT SE HNED P\u0158IHL\u00c1SIT SE HNED P\u0158IHL\u00c1SIT SE HNED P\u0158IHL\u00c1SIT SE HNED P\u0158IHL\u00c1SIT SE HNED P\u0158IHL\u00c1SIT SE HNED P\u0158IHL\u00c1SIT SE HNED\n  <\/div>\n<\/h2>\n<p>[\/et_pb_text][\/et_pb_column][\/et_pb_row][\/et_pb_section][et_pb_section fb_built=&#8220;1&#8243; _builder_version=&#8220;4.27.4&#8243; _module_preset=&#8220;default&#8220; custom_margin=&#8220;0px||0px||false|false&#8220; custom_padding=&#8220;0px||0px||false|false&#8220; global_colors_info=&#8220;{}&#8220;][et_pb_row disabled_on=&#8220;off|off|off&#8220; _builder_version=&#8220;4.27.4&#8243; _module_preset=&#8220;default&#8220; background_image=&#8220;https:\/\/www.soul-trail.de\/wp-content\/uploads\/2025\/10\/slider-soultrails.jpg&#8220; width=&#8220;100%&#8220; max_width=&#8220;none&#8220; min_height=&#8220;634px&#8220; min_height_tablet=&#8220;634px&#8220; min_height_phone=&#8220;300px&#8220; min_height_last_edited=&#8220;on|phone&#8220; height=&#8220;634px&#8220; height_tablet=&#8220;634px&#8220; height_phone=&#8220;300px&#8220; height_last_edited=&#8220;on|phone&#8220; max_height=&#8220;634px&#8220; max_height_tablet=&#8220;634px&#8220; max_height_phone=&#8220;300px&#8220; max_height_last_edited=&#8220;on|phone&#8220; global_colors_info=&#8220;{}&#8220;][et_pb_column type=&#8220;4_4&#8243; _builder_version=&#8220;4.27.0&#8243; _module_preset=&#8220;default&#8220; global_colors_info=&#8220;{}&#8220;][\/et_pb_column][\/et_pb_row][\/et_pb_section][et_pb_section fb_built=&#8220;1&#8243; custom_padding_last_edited=&#8220;on|phone&#8220; _builder_version=&#8220;4.27.4&#8243; _module_preset=&#8220;default&#8220; custom_margin=&#8220;0px||0px||false|false&#8220; custom_padding=&#8220;0px||0px||false|false&#8220; custom_padding_tablet=&#8220;0px||0px||false|false&#8220; custom_padding_phone=&#8220;50px||50px||false|false&#8220; global_colors_info=&#8220;{}&#8220;][et_pb_row _builder_version=&#8220;4.27.0&#8243; _module_preset=&#8220;default&#8220; global_colors_info=&#8220;{}&#8220;][et_pb_column type=&#8220;4_4&#8243; _builder_version=&#8220;4.27.0&#8243; _module_preset=&#8220;default&#8220; global_colors_info=&#8220;{}&#8220;][et_pb_text _builder_version=&#8220;4.27.0&#8243; _module_preset=&#8220;default&#8220; custom_margin=&#8220;||20px||false|false&#8220; custom_padding=&#8220;||0px||false|false&#8220; global_colors_info=&#8220;{}&#8220;]<\/p>\n<h2>Dotazy?<\/h2>\n<h4>Napi\u0161te n\u00e1m na Whatsapp.<\/h4>\n<p>[\/et_pb_text][et_pb_button button_url=&#8220;https:\/\/api.whatsapp.com\/send?phone=4985519179831&#8243; url_new_window=&#8220;on&#8220; button_text=&#8220;Sem napi\u0161te zpr\u00e1vu&#8220; button_alignment=&#8220;center&#8220; _builder_version=&#8220;4.27.4&#8243; _module_preset=&#8220;default&#8220; custom_button=&#8220;on&#8220; button_text_size=&#8220;25px&#8220; button_bg_color=&#8220;#2d4a38&#8243; button_border_width=&#8220;0px&#8220; custom_margin=&#8220;0px||||false|false&#8220; custom_padding=&#8220;3px|17px||17px|false|false&#8220; button_text_size_tablet=&#8220;25px&#8220; button_text_size_phone=&#8220;17px&#8220; button_text_size_last_edited=&#8220;on|phone&#8220; global_colors_info=&#8220;{}&#8220; button_bg_color__hover=&#8220;#c65f17&#8243;][\/et_pb_button][\/et_pb_column][\/et_pb_row][\/et_pb_section][et_pb_section fb_built=&#8220;1&#8243; disabled_on=&#8220;on|on|off&#8220; _builder_version=&#8220;4.27.4&#8243; _module_preset=&#8220;default&#8220; custom_margin=&#8220;0px||0px||false|false&#8220; custom_padding=&#8220;0px||0px||false|false&#8220; global_colors_info=&#8220;{}&#8220;][et_pb_row _builder_version=&#8220;4.27.0&#8243; _module_preset=&#8220;default&#8220; background_image=&#8220;https:\/\/www.soul-trail.de\/wp-content\/uploads\/2025\/10\/berge.svg&#8220; background_size=&#8220;custom&#8220; background_image_width=&#8220;32%&#8220; background_position=&#8220;bottom_left&#8220; background_horizontal_offset=&#8220;-11%&#8220; background_vertical_offset=&#8220;63%&#8220; width=&#8220;100%&#8220; max_width=&#8220;none&#8220; height=&#8220;479px&#8220; custom_margin=&#8220;0px||0px||false|false&#8220; custom_padding=&#8220;0px||0px||false|false&#8220; global_colors_info=&#8220;{}&#8220;][et_pb_column type=&#8220;4_4&#8243; _builder_version=&#8220;4.27.0&#8243; _module_preset=&#8220;default&#8220; global_colors_info=&#8220;{}&#8220;][\/et_pb_column][\/et_pb_row][\/et_pb_section][et_pb_section fb_built=&#8220;1&#8243; _builder_version=&#8220;4.27.4&#8243; _module_preset=&#8220;default&#8220; background_color=&#8220;#C65F17&#8243; positioning=&#8220;none&#8220; custom_margin_phone=&#8220;||50px||false|false&#8220; custom_margin_last_edited=&#8220;off|desktop&#8220; global_colors_info=&#8220;{}&#8220;][et_pb_row _builder_version=&#8220;4.27.4&#8243; _module_preset=&#8220;default&#8220; positioning=&#8220;none&#8220; global_colors_info=&#8220;{}&#8220;][et_pb_column type=&#8220;4_4&#8243; _builder_version=&#8220;4.27.0&#8243; _module_preset=&#8220;default&#8220; global_colors_info=&#8220;{}&#8220;][et_pb_text _builder_version=&#8220;4.27.0&#8243; _module_preset=&#8220;default&#8220; text_text_color=&#8220;#FFFFFF&#8220; global_colors_info=&#8220;{}&#8220;]<\/p>\n<p>siimple GmbH<br \/>\nAm Bahnhof 12<br \/>\n94078 Freyung<br \/>\n<span class=\"small\">Marketingov\u00e1 a eventov\u00e1 agentura<\/span><\/p>\n<p>[\/et_pb_text][et_pb_text _builder_version=&#8220;4.27.4&#8243; _module_preset=&#8220;default&#8220; text_text_color=&#8220;#FFFFFF&#8220; link_text_color=&#8220;#FFFFFF&#8220; link_line_height=&#8220;2.1em&#8220; custom_margin=&#8220;40px||40px||false|false&#8220; global_colors_info=&#8220;{}&#8220;]<strong><a href=\"https:\/\/www.soul-trail.de\/cs\/impresum\/\">Impresum<\/a><br \/><a href=\"https:\/\/www.soul-trail.de\/cs\/datenschutzerklaerung\/\">Ochrana osobn\u00edch \u00fadaj\u016f<\/a><br \/><a class=\"link\" href=\"https:\/\/www.soul-trail.de\/cs\/kontakt\/\">Kontakt<\/a><\/strong>[\/et_pb_text][et_pb_social_media_follow icon_color=&#8220;#FFFFFF&#8220; _builder_version=&#8220;4.27.4&#8243; _module_preset=&#8220;default&#8220; text_orientation=&#8220;center&#8220; global_colors_info=&#8220;{}&#8220;][et_pb_social_media_follow_network social_network=&#8220;instagram&#8220; url=&#8220;https:\/\/www.facebook.com\/profile.php?id=61582945891778&#038;sk=about&#8220; icon_color=&#8220;#C65F17&#8243; _builder_version=&#8220;4.27.4&#8243; _module_preset=&#8220;default&#8220; background_color=&#8220;#FFFFFF&#8220; background_enable_color=&#8220;on&#8220; global_colors_info=&#8220;{}&#8220; icon_color__hover_enabled=&#8220;on|hover&#8220; icon_color__hover=&#8220;#FFFFFF&#8220; background__hover_enabled=&#8220;on|hover&#8220; background_color__hover=&#8220;#2D4A38&#8243; background_enable_color__hover=&#8220;on&#8220; follow_button=&#8220;off&#8220; url_new_window=&#8220;on&#8220;]instagram[\/et_pb_social_media_follow_network][et_pb_social_media_follow_network social_network=&#8220;tiktok&#8220; url=&#8220;https:\/\/www.tiktok.com\/@soultrailrunning&#8220; icon_color=&#8220;#C65F17&#8243; _builder_version=&#8220;4.27.4&#8243; _module_preset=&#8220;default&#8220; background_color=&#8220;#FFFFFF&#8220; background_enable_color=&#8220;on&#8220; global_colors_info=&#8220;{}&#8220; icon_color__hover_enabled=&#8220;on|hover&#8220; icon_color__hover=&#8220;#FFFFFF&#8220; background__hover_enabled=&#8220;on|hover&#8220; background_color__hover=&#8220;#2D4A38&#8243; background_enable_color__hover=&#8220;on&#8220; follow_button=&#8220;off&#8220; url_new_window=&#8220;on&#8220;]tiktok[\/et_pb_social_media_follow_network][et_pb_social_media_follow_network social_network=&#8220;facebook&#8220; url=&#8220;https:\/\/www.facebook.com\/profile.php?id=61582945891778&#038;sk=about&#8220; icon_color=&#8220;#C65F17&#8243; _builder_version=&#8220;4.27.4&#8243; _module_preset=&#8220;default&#8220; background_color=&#8220;#FFFFFF&#8220; background_enable_color=&#8220;on&#8220; global_colors_info=&#8220;{}&#8220; icon_color__hover_enabled=&#8220;on|hover&#8220; icon_color__hover=&#8220;#FFFFFF&#8220; background__hover_enabled=&#8220;on|hover&#8220; background_color__hover=&#8220;#2D4A38&#8243; background_enable_color__hover=&#8220;on&#8220; follow_button=&#8220;off&#8220; url_new_window=&#8220;on&#8220;]facebook[\/et_pb_social_media_follow_network][\/et_pb_social_media_follow][\/et_pb_column][\/et_pb_row][\/et_pb_section]<\/p>\n","protected":false},"excerpt":{"rendered":"<p>TrailrunningSeason Opening18. dubna 2026 Deggendorf Bavorsk\u00fd lesProgramP\u00e1tek 17. dubna 18\u201320 hodin Vyd\u00e1v\u00e1n\u00ed startovn\u00edch \u010d\u00edselSobota 18. dubna od 5:00 v\u00fddej startovn\u00edch \u010d\u00edsel6:00 Start Endurance8:30 Start Soul10:30 Start Marathon11:30 Start Speed12:30 Start Short17:00 vyhl\u00e1\u0161en\u00ed v\u00edt\u011bz\u016f 19:00 uzav\u0159en\u00ed c\u00edle Setk\u00e1n\u00ed po trailu P\u0158IHL\u00c1SIT SE HNED P\u0158IHL\u00c1SIT SE HNED P\u0158IHL\u00c1SIT SE HNED P\u0158IHL\u00c1SIT SE HNED P\u0158IHL\u00c1SIT SE HNED P\u0158IHL\u00c1SIT SE HNED P\u0158IHL\u00c1SIT SE HNED P\u0158IHL\u00c1SIT SE HNED Dotazy? Napi\u0161te n\u00e1m na Whatsapp.siimple GmbH Am Bahnhof 12 94078 Freyung Marketingov\u00e1 a eventov\u00e1 agenturaImpresumOchrana osobn\u00edch \u00fadaj\u016fKontakt<\/p>\n","protected":false},"author":4,"featured_media":0,"parent":0,"menu_order":0,"comment_status":"closed","ping_status":"open","template":"","meta":{"_acf_changed":false,"_et_pb_use_builder":"on","_et_pb_old_content":"","_et_gb_content_width":"","footnotes":""},"class_list":["post-2018","page","type-page","status-publish","hentry"],"acf":[],"yoast_head":"<!-- This site is optimized with the Yoast SEO plugin v27.3 - https:\/\/yoast.com\/product\/yoast-seo-wordpress\/ -->\n<title>Soul Trailrunning 2026 | Zah\u00e1jen\u00ed sez\u00f3ny trailov\u00e9ho b\u011bh\u00e1n\u00ed v Deggendorfu<\/title>\n<meta name=\"description\" content=\"P\u0159\u00edprava na trailrunningovou sez\u00f3nu \u2714\ufe0f Deggendorf v Bavorsk\u00e9m lese \u2714\ufe0f 74 km | 55 km | 38 km | 27 km | 14 km\" \/>\n<meta name=\"robots\" content=\"index, follow, max-snippet:-1, max-image-preview:large, max-video-preview:-1\" \/>\n<link rel=\"canonical\" href=\"https:\/\/www.soul-trail.de\/cs\/program-2\/\" \/>\n<meta property=\"og:locale\" content=\"cs_CZ\" \/>\n<meta property=\"og:type\" content=\"article\" \/>\n<meta property=\"og:title\" content=\"Soul Trailrunning 2026 | Zah\u00e1jen\u00ed sez\u00f3ny trailov\u00e9ho b\u011bh\u00e1n\u00ed v Deggendorfu\" \/>\n<meta property=\"og:description\" content=\"P\u0159\u00edprava na trailrunningovou sez\u00f3nu \u2714\ufe0f Deggendorf v Bavorsk\u00e9m lese \u2714\ufe0f 74 km | 55 km | 38 km | 27 km | 14 km\" \/>\n<meta property=\"og:url\" content=\"https:\/\/www.soul-trail.de\/cs\/program-2\/\" \/>\n<meta property=\"og:site_name\" content=\"Soul Trailrunning 2026\" \/>\n<meta name=\"twitter:card\" content=\"summary_large_image\" \/>\n<meta name=\"twitter:label1\" content=\"Odhadovan\u00e1 doba \u010dten\u00ed\" \/>\n\t<meta name=\"twitter:data1\" content=\"10 minut\" \/>\n<script type=\"application\/ld+json\" class=\"yoast-schema-graph\">{\"@context\":\"https:\\\/\\\/schema.org\",\"@graph\":[{\"@type\":\"WebPage\",\"@id\":\"https:\\\/\\\/www.soul-trail.de\\\/cs\\\/program-2\\\/\",\"url\":\"https:\\\/\\\/www.soul-trail.de\\\/cs\\\/program-2\\\/\",\"name\":\"Soul Trailrunning 2026 | Zah\u00e1jen\u00ed sez\u00f3ny trailov\u00e9ho b\u011bh\u00e1n\u00ed v Deggendorfu\",\"isPartOf\":{\"@id\":\"https:\\\/\\\/www.soul-trail.de\\\/cs\\\/#website\"},\"datePublished\":\"2026-03-30T09:29:22+00:00\",\"description\":\"P\u0159\u00edprava na trailrunningovou sez\u00f3nu \u2714\ufe0f Deggendorf v Bavorsk\u00e9m lese \u2714\ufe0f 74 km | 55 km | 38 km | 27 km | 14 km\",\"breadcrumb\":{\"@id\":\"https:\\\/\\\/www.soul-trail.de\\\/cs\\\/program-2\\\/#breadcrumb\"},\"inLanguage\":\"cs\",\"potentialAction\":[{\"@type\":\"ReadAction\",\"target\":[\"https:\\\/\\\/www.soul-trail.de\\\/cs\\\/program-2\\\/\"]}]},{\"@type\":\"BreadcrumbList\",\"@id\":\"https:\\\/\\\/www.soul-trail.de\\\/cs\\\/program-2\\\/#breadcrumb\",\"itemListElement\":[{\"@type\":\"ListItem\",\"position\":1,\"name\":\"Startseite\",\"item\":\"https:\\\/\\\/www.soul-trail.de\\\/cs\\\/\"},{\"@type\":\"ListItem\",\"position\":2,\"name\":\"Program\"}]},{\"@type\":\"WebSite\",\"@id\":\"https:\\\/\\\/www.soul-trail.de\\\/cs\\\/#website\",\"url\":\"https:\\\/\\\/www.soul-trail.de\\\/cs\\\/\",\"name\":\"Soul Trailrunning 2026\",\"description\":\"\",\"potentialAction\":[{\"@type\":\"SearchAction\",\"target\":{\"@type\":\"EntryPoint\",\"urlTemplate\":\"https:\\\/\\\/www.soul-trail.de\\\/cs\\\/?s={search_term_string}\"},\"query-input\":{\"@type\":\"PropertyValueSpecification\",\"valueRequired\":true,\"valueName\":\"search_term_string\"}}],\"inLanguage\":\"cs\"}]}<\/script>\n<!-- \/ Yoast SEO plugin. -->","yoast_head_json":{"title":"Soul Trailrunning 2026 | Zah\u00e1jen\u00ed sez\u00f3ny trailov\u00e9ho b\u011bh\u00e1n\u00ed v Deggendorfu","description":"P\u0159\u00edprava na trailrunningovou sez\u00f3nu \u2714\ufe0f Deggendorf v Bavorsk\u00e9m lese \u2714\ufe0f 74 km | 55 km | 38 km | 27 km | 14 km","robots":{"index":"index","follow":"follow","max-snippet":"max-snippet:-1","max-image-preview":"max-image-preview:large","max-video-preview":"max-video-preview:-1"},"canonical":"https:\/\/www.soul-trail.de\/cs\/program-2\/","og_locale":"cs_CZ","og_type":"article","og_title":"Soul Trailrunning 2026 | Zah\u00e1jen\u00ed sez\u00f3ny trailov\u00e9ho b\u011bh\u00e1n\u00ed v Deggendorfu","og_description":"P\u0159\u00edprava na trailrunningovou sez\u00f3nu \u2714\ufe0f Deggendorf v Bavorsk\u00e9m lese \u2714\ufe0f 74 km | 55 km | 38 km | 27 km | 14 km","og_url":"https:\/\/www.soul-trail.de\/cs\/program-2\/","og_site_name":"Soul Trailrunning 2026","twitter_card":"summary_large_image","twitter_misc":{"Odhadovan\u00e1 doba \u010dten\u00ed":"10 minut"},"schema":{"@context":"https:\/\/schema.org","@graph":[{"@type":"WebPage","@id":"https:\/\/www.soul-trail.de\/cs\/program-2\/","url":"https:\/\/www.soul-trail.de\/cs\/program-2\/","name":"Soul Trailrunning 2026 | Zah\u00e1jen\u00ed sez\u00f3ny trailov\u00e9ho b\u011bh\u00e1n\u00ed v Deggendorfu","isPartOf":{"@id":"https:\/\/www.soul-trail.de\/cs\/#website"},"datePublished":"2026-03-30T09:29:22+00:00","description":"P\u0159\u00edprava na trailrunningovou sez\u00f3nu \u2714\ufe0f Deggendorf v Bavorsk\u00e9m lese \u2714\ufe0f 74 km | 55 km | 38 km | 27 km | 14 km","breadcrumb":{"@id":"https:\/\/www.soul-trail.de\/cs\/program-2\/#breadcrumb"},"inLanguage":"cs","potentialAction":[{"@type":"ReadAction","target":["https:\/\/www.soul-trail.de\/cs\/program-2\/"]}]},{"@type":"BreadcrumbList","@id":"https:\/\/www.soul-trail.de\/cs\/program-2\/#breadcrumb","itemListElement":[{"@type":"ListItem","position":1,"name":"Startseite","item":"https:\/\/www.soul-trail.de\/cs\/"},{"@type":"ListItem","position":2,"name":"Program"}]},{"@type":"WebSite","@id":"https:\/\/www.soul-trail.de\/cs\/#website","url":"https:\/\/www.soul-trail.de\/cs\/","name":"Soul Trailrunning 2026","description":"","potentialAction":[{"@type":"SearchAction","target":{"@type":"EntryPoint","urlTemplate":"https:\/\/www.soul-trail.de\/cs\/?s={search_term_string}"},"query-input":{"@type":"PropertyValueSpecification","valueRequired":true,"valueName":"search_term_string"}}],"inLanguage":"cs"}]}},"_links":{"self":[{"href":"https:\/\/www.soul-trail.de\/cs\/wp-json\/wp\/v2\/pages\/2018","targetHints":{"allow":["GET"]}}],"collection":[{"href":"https:\/\/www.soul-trail.de\/cs\/wp-json\/wp\/v2\/pages"}],"about":[{"href":"https:\/\/www.soul-trail.de\/cs\/wp-json\/wp\/v2\/types\/page"}],"author":[{"embeddable":true,"href":"https:\/\/www.soul-trail.de\/cs\/wp-json\/wp\/v2\/users\/4"}],"replies":[{"embeddable":true,"href":"https:\/\/www.soul-trail.de\/cs\/wp-json\/wp\/v2\/comments?post=2018"}],"version-history":[{"count":2,"href":"https:\/\/www.soul-trail.de\/cs\/wp-json\/wp\/v2\/pages\/2018\/revisions"}],"predecessor-version":[{"id":2020,"href":"https:\/\/www.soul-trail.de\/cs\/wp-json\/wp\/v2\/pages\/2018\/revisions\/2020"}],"wp:attachment":[{"href":"https:\/\/www.soul-trail.de\/cs\/wp-json\/wp\/v2\/media?parent=2018"}],"curies":[{"name":"wp","href":"https:\/\/api.w.org\/{rel}","templated":true}]}}