{"id":2225,"date":"2026-04-14T10:04:46","date_gmt":"2026-04-14T08:04:46","guid":{"rendered":"https:\/\/www.soul-trail.de\/?page_id=2225"},"modified":"2026-04-14T10:04:46","modified_gmt":"2026-04-14T08:04:46","slug":"prijezd-2","status":"publish","type":"page","link":"https:\/\/www.soul-trail.de\/cs\/prijezd-2\/","title":{"rendered":"P\u0159\u00edjezd"},"content":{"rendered":"<p>[et_pb_section fb_built=&#8220;1&#8243; _builder_version=&#8220;4.27.0&#8243; _module_preset=&#8220;default&#8220; background_color=&#8220;RGBA(255,255,255,0)&#8220; custom_margin=&#8220;100px||50px||false|false&#8220; custom_padding=&#8220;0px||0px||false|false&#8220; global_colors_info=&#8220;{}&#8220;][et_pb_row _builder_version=&#8220;4.27.0&#8243; _module_preset=&#8220;default&#8220; global_colors_info=&#8220;{}&#8220;][et_pb_column type=&#8220;4_4&#8243; _builder_version=&#8220;4.27.0&#8243; _module_preset=&#8220;default&#8220; global_colors_info=&#8220;{}&#8220;][et_pb_text _builder_version=&#8220;4.27.5&#8243; _module_preset=&#8220;default&#8220; header_2_text_align=&#8220;center&#8220; header_2_text_color=&#8220;#C65F17&#8243; hover_enabled=&#8220;0&#8243; global_colors_info=&#8220;{}&#8220; sticky_enabled=&#8220;0&#8243;]<\/p>\n<h1>P\u0159\u00edjezd<\/h1>\n<p>U\u017e brzy to vypukne! Start a c\u00edl se nach\u00e1z\u00ed u Berg Cafe Flo na Ruselabsatz v Schauflingu u Deggendorfu v Doln\u00edm Bavorsku.<br \/>\n<span class=\"small\">Rusel 118, 94571 Schaufling<\/span><\/p>\n<p>[\/et_pb_text][dsm_embed_google_map address=&#8220;Rusel 118&#8243; _builder_version=&#8220;4.27.0&#8243; _module_preset=&#8220;default&#8220; global_colors_info=&#8220;{}&#8220;][\/dsm_embed_google_map][et_pb_text _builder_version=&#8220;4.27.5&#8243; _module_preset=&#8220;default&#8220; hover_enabled=&#8220;0&#8243; sticky_enabled=&#8220;0&#8243;]<\/p>\n<h2>P\u0159\u00edjezd autem<\/h2>\n<p>Na m\u00edst\u011b se nach\u00e1z\u00ed <strong>parkovi\u0161t\u011b vzd\u00e1len\u00e9 asi 500 metr\u016f<\/strong> od startu a c\u00edle. <strong>Parkov\u00e1n\u00ed je zpoplatn\u011bno<\/strong>. <\/p>\n<h2>P\u0159\u00edjezd vlakem nebo MHD<\/h2>\n<p>P\u0159\u00edm\u00fd p\u0159\u00edjezd k m\u00edstu startu a c\u00edle ve\u0159ejnou dopravou bohu\u017eel nen\u00ed mo\u017en\u00fd. Proto <strong>provozujeme kyvadlovou dopravu z hlavn\u00edho n\u00e1dra\u017e\u00ed Deggendorf<\/strong>. M\u016f\u017ee\u0161 ji vyu\u017e\u00edt za <strong>p\u0159\u00edsp\u011bvek na n\u00e1klady 10 eur<\/strong>. \u010casy kyvadlov\u00e9 dopravy najde\u0161 v FAQ.   <\/p>\n<p>[\/et_pb_text][\/et_pb_column][\/et_pb_row][\/et_pb_section][et_pb_section fb_built=&#8220;1&#8243; _builder_version=&#8220;4.27.0&#8243; _module_preset=&#8220;default&#8220; custom_margin=&#8220;0px||||false|false&#8220; custom_padding=&#8220;0px||||false|false&#8220; global_colors_info=&#8220;{}&#8220;][et_pb_row _builder_version=&#8220;4.27.0&#8243; _module_preset=&#8220;default&#8220; global_colors_info=&#8220;{}&#8220;][et_pb_column type=&#8220;4_4&#8243; _builder_version=&#8220;4.27.0&#8243; _module_preset=&#8220;default&#8220; global_colors_info=&#8220;{}&#8220;][et_pb_text _builder_version=&#8220;4.27.0&#8243; _module_preset=&#8220;default&#8220; header_4_text_color=&#8220;#2D4A38&#8243; custom_margin=&#8220;||0px||false|false&#8220; custom_padding=&#8220;||0px||false|false&#8220; global_colors_info=&#8220;{}&#8220;]<\/p>\n<h4>Akce od tv\u016frc\u016f<\/h4>\n<p>[\/et_pb_text][et_pb_image src=&#8220;https:\/\/www.soul-trail.de\/wp-content\/uploads\/2025\/10\/3kings.svg&#8220; title_text=&#8220;3kings&#8220; align=&#8220;center&#8220; _builder_version=&#8220;4.27.0&#8243; _module_preset=&#8220;default&#8220; width=&#8220;15%&#8220; custom_margin=&#8220;0px||0px||false|false&#8220; custom_padding=&#8220;0px||0px||false|false&#8220; global_colors_info=&#8220;{}&#8220;][\/et_pb_image][\/et_pb_column][\/et_pb_row][\/et_pb_section][et_pb_section fb_built=&#8220;1&#8243; disabled_on=&#8220;off|off|off&#8220; _builder_version=&#8220;4.27.0&#8243; _module_preset=&#8220;default&#8220; custom_margin=&#8220;0px||0px||false|false&#8220; custom_padding=&#8220;0px||0px||false|false&#8220; global_colors_info=&#8220;{}&#8220;][et_pb_row custom_padding_last_edited=&#8220;on|phone&#8220; _builder_version=&#8220;4.27.0&#8243; _module_preset=&#8220;default&#8220; background_color=&#8220;#f2efe3&#8243; width=&#8220;100%&#8220; max_width=&#8220;none&#8220; custom_padding=&#8220;||||false|false&#8220; custom_padding_tablet=&#8220;||||false|false&#8220; custom_padding_phone=&#8220;20px||||false|false&#8220; global_colors_info=&#8220;{}&#8220;][et_pb_column type=&#8220;4_4&#8243; _builder_version=&#8220;4.27.0&#8243; _module_preset=&#8220;default&#8220; global_colors_info=&#8220;{}&#8220;][et_pb_text _builder_version=&#8220;4.27.0&#8243; _module_preset=&#8220;default&#8220; header_2_text_align=&#8220;center&#8220; header_2_text_color=&#8220;#2D4A38&#8243; custom_margin=&#8220;0px||0px||false|false&#8220; custom_padding=&#8220;||||false|false&#8220; header_2_font_size_tablet=&#8220;&#8220; header_2_font_size_phone=&#8220;&#8220; header_2_font_size_last_edited=&#8220;on|phone&#8220; global_colors_info=&#8220;{}&#8220;]<\/p>\n<h2 class=\"marquee-wrapper\">\n<div class=\"moving-text\">\n  P\u0158IHL\u00c1SIT SE HNED P\u0158IHL\u00c1SIT SE HNED P\u0158IHL\u00c1SIT SE HNED P\u0158IHL\u00c1SIT SE HNED P\u0158IHL\u00c1SIT SE HNED P\u0158IHL\u00c1SIT SE HNED P\u0158IHL\u00c1SIT SE HNED P\u0158IHL\u00c1SIT SE HNED\n  <\/div>\n<\/h2>\n<p>[\/et_pb_text][\/et_pb_column][\/et_pb_row][\/et_pb_section][et_pb_section fb_built=&#8220;1&#8243; disabled_on=&#8220;off|off|off&#8220; _builder_version=&#8220;4.27.0&#8243; _module_preset=&#8220;default&#8220; custom_margin=&#8220;0px||0px||false|false&#8220; custom_padding=&#8220;0px||0px||false|false&#8220; global_colors_info=&#8220;{}&#8220;][et_pb_row _builder_version=&#8220;4.27.0&#8243; _module_preset=&#8220;default&#8220; background_image=&#8220;https:\/\/www.soul-trail.de\/wp-content\/uploads\/2025\/10\/Bildschirmfoto-2025-10-14-um-15.15.57.png&#8220; width=&#8220;100%&#8220; max_width=&#8220;none&#8220; min_height=&#8220;634px&#8220; min_height_tablet=&#8220;634px&#8220; min_height_phone=&#8220;300px&#8220; min_height_last_edited=&#8220;on|phone&#8220; height=&#8220;634px&#8220; height_tablet=&#8220;634px&#8220; height_phone=&#8220;300px&#8220; height_last_edited=&#8220;on|phone&#8220; max_height=&#8220;634px&#8220; max_height_tablet=&#8220;634px&#8220; max_height_phone=&#8220;300px&#8220; max_height_last_edited=&#8220;on|phone&#8220; global_colors_info=&#8220;{}&#8220;][et_pb_column type=&#8220;4_4&#8243; _builder_version=&#8220;4.27.0&#8243; _module_preset=&#8220;default&#8220; global_colors_info=&#8220;{}&#8220;][\/et_pb_column][\/et_pb_row][\/et_pb_section][et_pb_section fb_built=&#8220;1&#8243; _builder_version=&#8220;4.27.0&#8243; _module_preset=&#8220;default&#8220; custom_margin=&#8220;0px||0px||false|false&#8220; custom_padding=&#8220;0px||0px||false|false&#8220; global_colors_info=&#8220;{}&#8220;][et_pb_row _builder_version=&#8220;4.27.0&#8243; _module_preset=&#8220;default&#8220; global_colors_info=&#8220;{}&#8220;][et_pb_column type=&#8220;4_4&#8243; _builder_version=&#8220;4.27.0&#8243; _module_preset=&#8220;default&#8220; global_colors_info=&#8220;{}&#8220;][et_pb_text _builder_version=&#8220;4.27.0&#8243; _module_preset=&#8220;default&#8220; custom_margin=&#8220;||20px||false|false&#8220; custom_padding=&#8220;||0px||false|false&#8220; global_colors_info=&#8220;{}&#8220;]<\/p>\n<h2>Dotazy?<\/h2>\n<h4>Napi\u0161te n\u00e1m na Whatsapp.<\/h4>\n<p>[\/et_pb_text][et_pb_button button_text=&#8220;Sem napi\u0161te zpr\u00e1vu&#8220; button_alignment=&#8220;center&#8220; _builder_version=&#8220;4.27.0&#8243; _module_preset=&#8220;default&#8220; custom_button=&#8220;on&#8220; button_text_size=&#8220;25px&#8220; button_bg_color=&#8220;#2d4a38&#8243; button_border_width=&#8220;0px&#8220; custom_margin=&#8220;0px||||false|false&#8220; custom_padding=&#8220;3px|17px||17px|false|false&#8220; global_colors_info=&#8220;{}&#8220; button_bg_color__hover_enabled=&#8220;on|hover&#8220; button_bg_color__hover=&#8220;#c65f17&#8243;][\/et_pb_button][\/et_pb_column][\/et_pb_row][\/et_pb_section][et_pb_section fb_built=&#8220;1&#8243; _builder_version=&#8220;4.27.0&#8243; _module_preset=&#8220;default&#8220; custom_margin=&#8220;0px||0px||false|false&#8220; custom_padding=&#8220;0px||0px||false|false&#8220; global_colors_info=&#8220;{}&#8220;][et_pb_row _builder_version=&#8220;4.27.0&#8243; _module_preset=&#8220;default&#8220; background_image=&#8220;https:\/\/www.soul-trail.de\/wp-content\/uploads\/2025\/10\/berge.svg&#8220; background_size=&#8220;custom&#8220; background_image_width=&#8220;32%&#8220; background_position=&#8220;bottom_left&#8220; background_horizontal_offset=&#8220;-11%&#8220; background_vertical_offset=&#8220;63%&#8220; width=&#8220;100%&#8220; max_width=&#8220;none&#8220; height=&#8220;479px&#8220; custom_margin=&#8220;0px||0px||false|false&#8220; custom_padding=&#8220;0px||0px||false|false&#8220; global_colors_info=&#8220;{}&#8220;][et_pb_column type=&#8220;4_4&#8243; _builder_version=&#8220;4.27.0&#8243; _module_preset=&#8220;default&#8220; global_colors_info=&#8220;{}&#8220;][\/et_pb_column][\/et_pb_row][\/et_pb_section]<\/p>\n","protected":false},"excerpt":{"rendered":"<p>P\u0159\u00edjezd U\u017e brzy to vypukne! Start a c\u00edl se nach\u00e1z\u00ed u Berg Cafe Flo na Ruselabsatz v Schauflingu u Deggendorfu v Doln\u00edm Bavorsku. Rusel 118, 94571 Schaufling<div class=\"et_pb_module dsm_embed_google_map dsm_embed_google_map_0\">\n\t\t\t\t\n\t\t\t\t\n\t\t\t\t\n\t\t\t\t\n\t\t\t\t\n\t\t\t\t\n\t\t\t\t<div class=\"et_pb_module_inner\">\n\t\t\t\t\t<iframe loading=\"lazy\" frameborder=\"0\" scrolling=\"no\" marginheight=\"0\" marginwidth=\"0\" referrerPolicy=\"no-referrer-when-downgrade\" src=\"https:\/\/maps.google.com\/maps?q=Rusel%20118&amp;t=m&amp;z=10&amp;output=embed&amp;iwloc=near&hl=cs_CZ\" aria-label=\"Rusel 118\"><\/iframe>\n\t\t\t\t<\/div>\n\t\t\t<\/div>P\u0159\u00edjezd autem Na m\u00edst\u011b se nach\u00e1z\u00ed parkovi\u0161t\u011b vzd\u00e1len\u00e9 asi 500 metr\u016f od startu a c\u00edle. Parkov\u00e1n\u00ed je zpoplatn\u011bno. P\u0159\u00edjezd vlakem nebo MHD P\u0159\u00edm\u00fd p\u0159\u00edjezd k m\u00edstu startu a c\u00edle ve\u0159ejnou dopravou bohu\u017eel nen\u00ed mo\u017en\u00fd. Proto provozujeme kyvadlovou dopravu z hlavn\u00edho n\u00e1dra\u017e\u00ed Deggendorf. M\u016f\u017ee\u0161 ji vyu\u017e\u00edt za p\u0159\u00edsp\u011bvek na n\u00e1klady 10 eur. \u010casy kyvadlov\u00e9 dopravy najde\u0161 v FAQ. Akce od tv\u016frc\u016f P\u0158IHL\u00c1SIT SE HNED P\u0158IHL\u00c1SIT SE HNED P\u0158IHL\u00c1SIT SE HNED P\u0158IHL\u00c1SIT SE HNED P\u0158IHL\u00c1SIT SE HNED P\u0158IHL\u00c1SIT SE HNED P\u0158IHL\u00c1SIT SE HNED P\u0158IHL\u00c1SIT SE HNED Dotazy? Napi\u0161te n\u00e1m na Whatsapp.<\/p>\n","protected":false},"author":4,"featured_media":0,"parent":0,"menu_order":0,"comment_status":"closed","ping_status":"open","template":"","meta":{"_acf_changed":false,"_et_pb_use_builder":"on","_et_pb_old_content":"","_et_gb_content_width":"","footnotes":""},"class_list":["post-2225","page","type-page","status-publish","hentry"],"acf":[],"yoast_head":"<!-- This site is optimized with the Yoast SEO plugin v27.4 - https:\/\/yoast.com\/product\/yoast-seo-wordpress\/ -->\n<title>P\u0159\u00edjezd - Soul Trailrunning 2026<\/title>\n<meta name=\"robots\" content=\"index, follow, max-snippet:-1, max-image-preview:large, max-video-preview:-1\" \/>\n<link rel=\"canonical\" href=\"https:\/\/www.soul-trail.de\/cs\/prijezd-2\/\" \/>\n<meta property=\"og:locale\" content=\"cs_CZ\" \/>\n<meta property=\"og:type\" content=\"article\" \/>\n<meta property=\"og:title\" content=\"P\u0159\u00edjezd - Soul Trailrunning 2026\" \/>\n<meta property=\"og:description\" content=\"P\u0159\u00edjezd U\u017e brzy to vypukne! Start a c\u00edl se nach\u00e1z\u00ed u Berg Cafe Flo na Ruselabsatz v Schauflingu u Deggendorfu v Doln\u00edm Bavorsku. Rusel 118, 94571 SchauflingP\u0159\u00edjezd autem Na m\u00edst\u011b se nach\u00e1z\u00ed parkovi\u0161t\u011b vzd\u00e1len\u00e9 asi 500 metr\u016f od startu a c\u00edle. Parkov\u00e1n\u00ed je zpoplatn\u011bno. P\u0159\u00edjezd vlakem nebo MHD P\u0159\u00edm\u00fd p\u0159\u00edjezd k m\u00edstu startu a c\u00edle ve\u0159ejnou dopravou bohu\u017eel nen\u00ed mo\u017en\u00fd. Proto provozujeme kyvadlovou dopravu z hlavn\u00edho n\u00e1dra\u017e\u00ed Deggendorf. M\u016f\u017ee\u0161 ji vyu\u017e\u00edt za p\u0159\u00edsp\u011bvek na n\u00e1klady 10 eur. \u010casy kyvadlov\u00e9 dopravy najde\u0161 v FAQ. Akce od tv\u016frc\u016f P\u0158IHL\u00c1SIT SE HNED P\u0158IHL\u00c1SIT SE HNED P\u0158IHL\u00c1SIT SE HNED P\u0158IHL\u00c1SIT SE HNED P\u0158IHL\u00c1SIT SE HNED P\u0158IHL\u00c1SIT SE HNED P\u0158IHL\u00c1SIT SE HNED P\u0158IHL\u00c1SIT SE HNED Dotazy? Napi\u0161te n\u00e1m na Whatsapp.\" \/>\n<meta property=\"og:url\" content=\"https:\/\/www.soul-trail.de\/cs\/prijezd-2\/\" \/>\n<meta property=\"og:site_name\" content=\"Soul Trailrunning 2026\" \/>\n<meta name=\"twitter:card\" content=\"summary_large_image\" \/>\n<meta name=\"twitter:label1\" content=\"Odhadovan\u00e1 doba \u010dten\u00ed\" \/>\n\t<meta name=\"twitter:data1\" content=\"5 minut\" \/>\n<script type=\"application\/ld+json\" class=\"yoast-schema-graph\">{\"@context\":\"https:\\\/\\\/schema.org\",\"@graph\":[{\"@type\":\"WebPage\",\"@id\":\"https:\\\/\\\/www.soul-trail.de\\\/cs\\\/prijezd-2\\\/\",\"url\":\"https:\\\/\\\/www.soul-trail.de\\\/cs\\\/prijezd-2\\\/\",\"name\":\"P\u0159\u00edjezd - Soul Trailrunning 2026\",\"isPartOf\":{\"@id\":\"https:\\\/\\\/www.soul-trail.de\\\/cs\\\/#website\"},\"datePublished\":\"2026-04-14T08:04:46+00:00\",\"breadcrumb\":{\"@id\":\"https:\\\/\\\/www.soul-trail.de\\\/cs\\\/prijezd-2\\\/#breadcrumb\"},\"inLanguage\":\"cs\",\"potentialAction\":[{\"@type\":\"ReadAction\",\"target\":[\"https:\\\/\\\/www.soul-trail.de\\\/cs\\\/prijezd-2\\\/\"]}]},{\"@type\":\"BreadcrumbList\",\"@id\":\"https:\\\/\\\/www.soul-trail.de\\\/cs\\\/prijezd-2\\\/#breadcrumb\",\"itemListElement\":[{\"@type\":\"ListItem\",\"position\":1,\"name\":\"Startseite\",\"item\":\"https:\\\/\\\/www.soul-trail.de\\\/cs\\\/\"},{\"@type\":\"ListItem\",\"position\":2,\"name\":\"P\u0159\u00edjezd\"}]},{\"@type\":\"WebSite\",\"@id\":\"https:\\\/\\\/www.soul-trail.de\\\/cs\\\/#website\",\"url\":\"https:\\\/\\\/www.soul-trail.de\\\/cs\\\/\",\"name\":\"Soul Trailrunning 2026\",\"description\":\"\",\"potentialAction\":[{\"@type\":\"SearchAction\",\"target\":{\"@type\":\"EntryPoint\",\"urlTemplate\":\"https:\\\/\\\/www.soul-trail.de\\\/cs\\\/?s={search_term_string}\"},\"query-input\":{\"@type\":\"PropertyValueSpecification\",\"valueRequired\":true,\"valueName\":\"search_term_string\"}}],\"inLanguage\":\"cs\"}]}<\/script>\n<!-- \/ Yoast SEO plugin. -->","yoast_head_json":{"title":"P\u0159\u00edjezd - Soul Trailrunning 2026","robots":{"index":"index","follow":"follow","max-snippet":"max-snippet:-1","max-image-preview":"max-image-preview:large","max-video-preview":"max-video-preview:-1"},"canonical":"https:\/\/www.soul-trail.de\/cs\/prijezd-2\/","og_locale":"cs_CZ","og_type":"article","og_title":"P\u0159\u00edjezd - Soul Trailrunning 2026","og_description":"P\u0159\u00edjezd U\u017e brzy to vypukne! Start a c\u00edl se nach\u00e1z\u00ed u Berg Cafe Flo na Ruselabsatz v Schauflingu u Deggendorfu v Doln\u00edm Bavorsku. Rusel 118, 94571 SchauflingP\u0159\u00edjezd autem Na m\u00edst\u011b se nach\u00e1z\u00ed parkovi\u0161t\u011b vzd\u00e1len\u00e9 asi 500 metr\u016f od startu a c\u00edle. Parkov\u00e1n\u00ed je zpoplatn\u011bno. P\u0159\u00edjezd vlakem nebo MHD P\u0159\u00edm\u00fd p\u0159\u00edjezd k m\u00edstu startu a c\u00edle ve\u0159ejnou dopravou bohu\u017eel nen\u00ed mo\u017en\u00fd. Proto provozujeme kyvadlovou dopravu z hlavn\u00edho n\u00e1dra\u017e\u00ed Deggendorf. M\u016f\u017ee\u0161 ji vyu\u017e\u00edt za p\u0159\u00edsp\u011bvek na n\u00e1klady 10 eur. \u010casy kyvadlov\u00e9 dopravy najde\u0161 v FAQ. Akce od tv\u016frc\u016f P\u0158IHL\u00c1SIT SE HNED P\u0158IHL\u00c1SIT SE HNED P\u0158IHL\u00c1SIT SE HNED P\u0158IHL\u00c1SIT SE HNED P\u0158IHL\u00c1SIT SE HNED P\u0158IHL\u00c1SIT SE HNED P\u0158IHL\u00c1SIT SE HNED P\u0158IHL\u00c1SIT SE HNED Dotazy? Napi\u0161te n\u00e1m na Whatsapp.","og_url":"https:\/\/www.soul-trail.de\/cs\/prijezd-2\/","og_site_name":"Soul Trailrunning 2026","twitter_card":"summary_large_image","twitter_misc":{"Odhadovan\u00e1 doba \u010dten\u00ed":"5 minut"},"schema":{"@context":"https:\/\/schema.org","@graph":[{"@type":"WebPage","@id":"https:\/\/www.soul-trail.de\/cs\/prijezd-2\/","url":"https:\/\/www.soul-trail.de\/cs\/prijezd-2\/","name":"P\u0159\u00edjezd - Soul Trailrunning 2026","isPartOf":{"@id":"https:\/\/www.soul-trail.de\/cs\/#website"},"datePublished":"2026-04-14T08:04:46+00:00","breadcrumb":{"@id":"https:\/\/www.soul-trail.de\/cs\/prijezd-2\/#breadcrumb"},"inLanguage":"cs","potentialAction":[{"@type":"ReadAction","target":["https:\/\/www.soul-trail.de\/cs\/prijezd-2\/"]}]},{"@type":"BreadcrumbList","@id":"https:\/\/www.soul-trail.de\/cs\/prijezd-2\/#breadcrumb","itemListElement":[{"@type":"ListItem","position":1,"name":"Startseite","item":"https:\/\/www.soul-trail.de\/cs\/"},{"@type":"ListItem","position":2,"name":"P\u0159\u00edjezd"}]},{"@type":"WebSite","@id":"https:\/\/www.soul-trail.de\/cs\/#website","url":"https:\/\/www.soul-trail.de\/cs\/","name":"Soul Trailrunning 2026","description":"","potentialAction":[{"@type":"SearchAction","target":{"@type":"EntryPoint","urlTemplate":"https:\/\/www.soul-trail.de\/cs\/?s={search_term_string}"},"query-input":{"@type":"PropertyValueSpecification","valueRequired":true,"valueName":"search_term_string"}}],"inLanguage":"cs"}]}},"_links":{"self":[{"href":"https:\/\/www.soul-trail.de\/cs\/wp-json\/wp\/v2\/pages\/2225","targetHints":{"allow":["GET"]}}],"collection":[{"href":"https:\/\/www.soul-trail.de\/cs\/wp-json\/wp\/v2\/pages"}],"about":[{"href":"https:\/\/www.soul-trail.de\/cs\/wp-json\/wp\/v2\/types\/page"}],"author":[{"embeddable":true,"href":"https:\/\/www.soul-trail.de\/cs\/wp-json\/wp\/v2\/users\/4"}],"replies":[{"embeddable":true,"href":"https:\/\/www.soul-trail.de\/cs\/wp-json\/wp\/v2\/comments?post=2225"}],"version-history":[{"count":2,"href":"https:\/\/www.soul-trail.de\/cs\/wp-json\/wp\/v2\/pages\/2225\/revisions"}],"predecessor-version":[{"id":2227,"href":"https:\/\/www.soul-trail.de\/cs\/wp-json\/wp\/v2\/pages\/2225\/revisions\/2227"}],"wp:attachment":[{"href":"https:\/\/www.soul-trail.de\/cs\/wp-json\/wp\/v2\/media?parent=2225"}],"curies":[{"name":"wp","href":"https:\/\/api.w.org\/{rel}","templated":true}]}}